{"id":152,"date":"2023-02-17T07:07:49","date_gmt":"2023-02-17T07:07:49","guid":{"rendered":"https:\/\/gersofontaneria.es\/?page_id=152"},"modified":"2023-02-22T11:06:54","modified_gmt":"2023-02-22T11:06:54","slug":"fontaneria","status":"publish","type":"page","link":"https:\/\/gersofontaneria.es\/en\/servicios\/fontaneria\/","title":{"rendered":"Fontaner\u00eda"},"content":{"rendered":"<div data-elementor-type=\"wp-page\" data-elementor-id=\"152\" class=\"elementor elementor-152\">\n\t\t\t\t\t\t<section class=\"elementor-section elementor-top-section elementor-element elementor-element-9f242d4 elementor-section-boxed elementor-section-height-default elementor-section-height-default\" data-id=\"9f242d4\" data-element_type=\"section\">\n\t\t\t\t\t\t<div class=\"elementor-container elementor-column-gap-default\">\n\t\t\t\t\t<div class=\"elementor-column elementor-col-100 elementor-top-column elementor-element elementor-element-22ec69c\" data-id=\"22ec69c\" data-element_type=\"column\">\n\t\t\t<div class=\"elementor-widget-wrap elementor-element-populated\">\n\t\t\t\t\t\t<div class=\"elementor-element elementor-element-f4b701a elementor-widget elementor-widget-spacer\" data-id=\"f4b701a\" data-element_type=\"widget\" data-widget_type=\"spacer.default\">\n\t\t\t\t<div class=\"elementor-widget-container\">\n\t\t\t\t\t\t\t<div class=\"elementor-spacer\">\n\t\t\t<div class=\"elementor-spacer-inner\"><\/div>\n\t\t<\/div>\n\t\t\t\t\t\t<\/div>\n\t\t\t\t<\/div>\n\t\t\t\t\t<\/div>\n\t\t<\/div>\n\t\t\t\t\t<\/div>\n\t\t<\/section>\n\t\t\t\t<section class=\"elementor-section elementor-top-section elementor-element elementor-element-e2d4b8f elementor-section-boxed elementor-section-height-default elementor-section-height-default\" data-id=\"e2d4b8f\" data-element_type=\"section\">\n\t\t\t\t\t\t<div class=\"elementor-container elementor-column-gap-default\">\n\t\t\t\t\t<div class=\"elementor-column elementor-col-50 elementor-top-column elementor-element elementor-element-1e0ece5\" data-id=\"1e0ece5\" data-element_type=\"column\">\n\t\t\t<div class=\"elementor-widget-wrap elementor-element-populated\">\n\t\t\t\t\t\t<div class=\"elementor-element elementor-element-88b1ac4 elementor-widget elementor-widget-heading\" data-id=\"88b1ac4\" data-element_type=\"widget\" data-widget_type=\"heading.default\">\n\t\t\t\t<div class=\"elementor-widget-container\">\n\t\t\t\t\t<h2 class=\"elementor-heading-title elementor-size-default\">Fontaneria<\/h2>\t\t\t\t<\/div>\n\t\t\t\t<\/div>\n\t\t\t\t<div class=\"elementor-element elementor-element-0073bcf elementor-widget elementor-widget-heading\" data-id=\"0073bcf\" data-element_type=\"widget\" data-widget_type=\"heading.default\">\n\t\t\t\t<div class=\"elementor-widget-container\">\n\t\t\t\t\t<h3 class=\"elementor-heading-title elementor-size-default\">Trabajamos con primeras marcas<\/h3>\t\t\t\t<\/div>\n\t\t\t\t<\/div>\n\t\t\t\t<div class=\"elementor-element elementor-element-c433fb0 elementor-widget elementor-widget-text-editor\" data-id=\"c433fb0\" data-element_type=\"widget\" data-widget_type=\"text-editor.default\">\n\t\t\t\t<div class=\"elementor-widget-container\">\n\t\t\t\t\t\t\t\t\t<p>\u2022 Instalaciones de Piscina<br \/>\u2022 Peque\u00f1os desatranques<br \/>\u2022 Reformas de cocinas, cuartos de ba\u00f1o\u2026<br \/>\u2022 Instalaciones de agua en el interior de su vivienda\/local<br \/>\u2022 Desatranque de tuber\u00edas de PVC hasta 75\u00d8 m\u00e1ximo.<br \/>\u2022 Realizamos instalaciones de bombas de superficie y sumergidas<\/p><p>\u00a0<\/p>\t\t\t\t\t\t\t\t<\/div>\n\t\t\t\t<\/div>\n\t\t\t\t\t<\/div>\n\t\t<\/div>\n\t\t\t\t<div class=\"elementor-column elementor-col-50 elementor-top-column elementor-element elementor-element-847a64f\" data-id=\"847a64f\" data-element_type=\"column\">\n\t\t\t<div class=\"elementor-widget-wrap elementor-element-populated\">\n\t\t\t\t\t\t<div class=\"elementor-element elementor-element-0d36786 elementor-widget elementor-widget-image\" data-id=\"0d36786\" data-element_type=\"widget\" data-widget_type=\"image.default\">\n\t\t\t\t<div class=\"elementor-widget-container\">\n\t\t\t\t\t\t\t\t\t\t\t\t\t\t\t<img fetchpriority=\"high\" decoding=\"async\" width=\"565\" height=\"240\" src=\"https:\/\/gersofontaneria.es\/wp-content\/uploads\/2023\/02\/tratamiento-agua.jpg\" class=\"attachment-large size-large wp-image-97\" alt=\"Tratamiento del Agua\" srcset=\"https:\/\/gersofontaneria.es\/wp-content\/uploads\/2023\/02\/tratamiento-agua.jpg 565w, https:\/\/gersofontaneria.es\/wp-content\/uploads\/2023\/02\/tratamiento-agua-300x127.jpg 300w, https:\/\/gersofontaneria.es\/wp-content\/uploads\/2023\/02\/tratamiento-agua-18x8.jpg 18w\" sizes=\"(max-width: 565px) 100vw, 565px\" \/>\t\t\t\t\t\t\t\t\t\t\t\t\t\t\t<\/div>\n\t\t\t\t<\/div>\n\t\t\t\t\t<\/div>\n\t\t<\/div>\n\t\t\t\t\t<\/div>\n\t\t<\/section>\n\t\t\t\t<section class=\"elementor-section elementor-top-section elementor-element elementor-element-ab815b3 elementor-section-boxed elementor-section-height-default elementor-section-height-default\" data-id=\"ab815b3\" data-element_type=\"section\">\n\t\t\t\t\t\t<div class=\"elementor-container elementor-column-gap-default\">\n\t\t\t\t\t<div class=\"elementor-column elementor-col-100 elementor-top-column elementor-element elementor-element-ff11891\" data-id=\"ff11891\" data-element_type=\"column\">\n\t\t\t<div class=\"elementor-widget-wrap elementor-element-populated\">\n\t\t\t\t\t\t<div class=\"elementor-element elementor-element-a0ab5f7 elementor-widget elementor-widget-spacer\" data-id=\"a0ab5f7\" data-element_type=\"widget\" data-widget_type=\"spacer.default\">\n\t\t\t\t<div class=\"elementor-widget-container\">\n\t\t\t\t\t\t\t<div class=\"elementor-spacer\">\n\t\t\t<div class=\"elementor-spacer-inner\"><\/div>\n\t\t<\/div>\n\t\t\t\t\t\t<\/div>\n\t\t\t\t<\/div>\n\t\t\t\t<div class=\"elementor-element elementor-element-0b67c05 elementor-widget elementor-widget-heading\" data-id=\"0b67c05\" data-element_type=\"widget\" data-widget_type=\"heading.default\">\n\t\t\t\t<div class=\"elementor-widget-container\">\n\t\t\t\t\t<h4 class=\"elementor-heading-title elementor-size-default\">Trabajamos en una amplia variedad de entornos, incluyendo hogares, edificios de oficinas, edificios comerciales y plantas de tratamiento de agua.<\/h4>\t\t\t\t<\/div>\n\t\t\t\t<\/div>\n\t\t\t\t<div class=\"elementor-element elementor-element-c1aa3fb elementor-widget elementor-widget-text-editor\" data-id=\"c1aa3fb\" data-element_type=\"widget\" data-widget_type=\"text-editor.default\">\n\t\t\t\t<div class=\"elementor-widget-container\">\n\t\t\t\t\t\t\t\t\t<p>Realizamos trabajos de\u00a0 fontaner\u00eda en distintos campos\u00a0 que involucra la instalaci\u00f3n, mantenimiento y reparaci\u00f3n de sistemas de tuber\u00edas, accesorios y equipos relacionados para la distribuci\u00f3n de agua potable y la eliminaci\u00f3n de aguas residuales.<\/p><p>Nuestros trabajos\u00a0 m\u00e1s comunes en fontaner\u00eda incluyen:<\/p><ul><li>Instalaci\u00f3n y reparaci\u00f3n de tuber\u00edas<br \/><br \/><\/li><li>Instalaci\u00f3n y reparaci\u00f3n de accesorios, la instalaci\u00f3n y reparaci\u00f3n de grifos, v\u00e1lvulas, duchas, inodoros, lavabos y otros accesorios de fontaner\u00eda.<br \/><br \/><\/li><li>Instalaci\u00f3n y reparaci\u00f3n de calentadores de agua, incluye la instalaci\u00f3n y reparaci\u00f3n de calentadores de agua sin tanque, calentadores de agua tradicionales y otros tipos de calentadores de agua.<br \/><br \/><\/li><li>Detecci\u00f3n y reparaci\u00f3n de fugas de agua: esto implica la identificaci\u00f3n de fugas de agua y la reparaci\u00f3n de tuber\u00edas y accesorios da\u00f1ados para evitar p\u00e9rdidas de agua y da\u00f1os a la propiedad.<br \/><br \/><\/li><li>Mantenimiento preventivo: esto implica la realizaci\u00f3n de inspecciones regulares de los sistemas de fontaner\u00eda para detectar y corregir problemas potenciales antes de que se conviertan en problemas mayores.<br \/><br \/><\/li><\/ul><p>\u00a0<\/p>\t\t\t\t\t\t\t\t<\/div>\n\t\t\t\t<\/div>\n\t\t\t\t\t<\/div>\n\t\t<\/div>\n\t\t\t\t\t<\/div>\n\t\t<\/section>\n\t\t\t\t<\/div>","protected":false},"excerpt":{"rendered":"<p>Fontaneria Trabajamos con primeras marcas \u2022 Instalaciones de Piscina \u2022 Peque\u00f1os desatranques \u2022 Reformas de cocinas, cuartos de ba\u00f1o\u2026 \u2022 Instalaciones de agua en el interior de su vivienda\/local \u2022 Desatranque de tuber\u00edas de PVC hasta 75\u00d8 m\u00e1ximo. \u2022 Realizamos instalaciones de bombas de superficie y sumergidas Trabajamos en una amplia variedad de entornos, incluyendo&hellip;&nbsp;<a href=\"https:\/\/gersofontaneria.es\/en\/servicios\/fontaneria\/\" class=\"\" rel=\"bookmark\">Read More &raquo;<span class=\"screen-reader-text\">Fontaner\u00eda<\/span><\/a><\/p>","protected":false},"author":1,"featured_media":0,"parent":150,"menu_order":1,"comment_status":"closed","ping_status":"closed","template":"page-templates\/template-pagebuilder-full-width.php","meta":{"neve_meta_sidebar":"","neve_meta_container":"","neve_meta_enable_content_width":"off","neve_meta_content_width":100,"neve_meta_title_alignment":"","neve_meta_author_avatar":"","neve_post_elements_order":"","neve_meta_disable_header":"","neve_meta_disable_footer":"","neve_meta_disable_title":"","_ti_tpc_template_sync":false,"_ti_tpc_template_id":"","footnotes":""},"class_list":["post-152","page","type-page","status-publish","hentry"],"yoast_head":"<!-- This site is optimized with the Yoast SEO plugin v23.1 - https:\/\/yoast.com\/wordpress\/plugins\/seo\/ -->\n<title>Fontaneria Alcal\u00e1 la Real - Servicios Gerso Fontaner\u00eda<\/title>\n<meta name=\"description\" content=\"Servicios de fontaner\u00eda GersoFontaneriaes. Se realizan reparaciones, Desatascos, Aver\u00edas, Humedades, Roturas,Piscinas , Alcal\u00e1 la Real y comarca\" \/>\n<meta name=\"robots\" content=\"index, follow, max-snippet:-1, max-image-preview:large, max-video-preview:-1\" \/>\n<link rel=\"canonical\" href=\"https:\/\/gersofontaneria.es\/en\/servicios\/fontaneria\/\" \/>\n<meta property=\"og:locale\" content=\"en_GB\" \/>\n<meta property=\"og:type\" content=\"article\" \/>\n<meta property=\"og:title\" content=\"Fontaneria Alcal\u00e1 la Real - Servicios Gerso Fontaner\u00eda\" \/>\n<meta property=\"og:description\" content=\"Servicios de fontaner\u00eda GersoFontaneriaes. Se realizan reparaciones, Desatascos, Aver\u00edas, Humedades, Roturas,Piscinas , Alcal\u00e1 la Real y comarca\" \/>\n<meta property=\"og:url\" content=\"https:\/\/gersofontaneria.es\/en\/servicios\/fontaneria\/\" \/>\n<meta property=\"og:site_name\" content=\"Gersofontaneria\" \/>\n<meta property=\"article:modified_time\" content=\"2023-02-22T11:06:54+00:00\" \/>\n<meta property=\"og:image\" content=\"https:\/\/gersofontaneria.es\/wp-content\/uploads\/2023\/02\/tratamiento-agua.jpg\" \/>\n<meta name=\"twitter:card\" content=\"summary_large_image\" \/>\n<meta name=\"twitter:label1\" content=\"Estimated reading time\" \/>\n\t<meta name=\"twitter:data1\" content=\"2 minutes\" \/>\n<script type=\"application\/ld+json\" class=\"yoast-schema-graph\">{\"@context\":\"https:\/\/schema.org\",\"@graph\":[{\"@type\":\"WebPage\",\"@id\":\"https:\/\/gersofontaneria.es\/servicios\/fontaneria\/\",\"url\":\"https:\/\/gersofontaneria.es\/servicios\/fontaneria\/\",\"name\":\"Fontaneria Alcal\u00e1 la Real - Servicios Gerso Fontaner\u00eda\",\"isPartOf\":{\"@id\":\"https:\/\/gersofontaneria.es\/#website\"},\"primaryImageOfPage\":{\"@id\":\"https:\/\/gersofontaneria.es\/servicios\/fontaneria\/#primaryimage\"},\"image\":{\"@id\":\"https:\/\/gersofontaneria.es\/servicios\/fontaneria\/#primaryimage\"},\"thumbnailUrl\":\"https:\/\/gersofontaneria.es\/wp-content\/uploads\/2023\/02\/tratamiento-agua.jpg\",\"datePublished\":\"2023-02-17T07:07:49+00:00\",\"dateModified\":\"2023-02-22T11:06:54+00:00\",\"description\":\"Servicios de fontaner\u00eda GersoFontaneriaes. Se realizan reparaciones, Desatascos, Aver\u00edas, Humedades, Roturas,Piscinas , Alcal\u00e1 la Real y comarca\",\"breadcrumb\":{\"@id\":\"https:\/\/gersofontaneria.es\/servicios\/fontaneria\/#breadcrumb\"},\"inLanguage\":\"en-GB\",\"potentialAction\":[{\"@type\":\"ReadAction\",\"target\":[\"https:\/\/gersofontaneria.es\/servicios\/fontaneria\/\"]}]},{\"@type\":\"ImageObject\",\"inLanguage\":\"en-GB\",\"@id\":\"https:\/\/gersofontaneria.es\/servicios\/fontaneria\/#primaryimage\",\"url\":\"https:\/\/gersofontaneria.es\/wp-content\/uploads\/2023\/02\/tratamiento-agua.jpg\",\"contentUrl\":\"https:\/\/gersofontaneria.es\/wp-content\/uploads\/2023\/02\/tratamiento-agua.jpg\"},{\"@type\":\"BreadcrumbList\",\"@id\":\"https:\/\/gersofontaneria.es\/servicios\/fontaneria\/#breadcrumb\",\"itemListElement\":[{\"@type\":\"ListItem\",\"position\":1,\"name\":\"Portada\",\"item\":\"https:\/\/gersofontaneria.es\/\"},{\"@type\":\"ListItem\",\"position\":2,\"name\":\"Servicios\",\"item\":\"https:\/\/gersofontaneria.es\/servicios\/\"},{\"@type\":\"ListItem\",\"position\":3,\"name\":\"Fontaner\u00eda\"}]},{\"@type\":\"WebSite\",\"@id\":\"https:\/\/gersofontaneria.es\/#website\",\"url\":\"https:\/\/gersofontaneria.es\/\",\"name\":\"Gerso Fontaneria\",\"description\":\"Servicios de fontaneria Alcal\u00e1 la Real -Jaen\",\"publisher\":{\"@id\":\"https:\/\/gersofontaneria.es\/#organization\"},\"potentialAction\":[{\"@type\":\"SearchAction\",\"target\":{\"@type\":\"EntryPoint\",\"urlTemplate\":\"https:\/\/gersofontaneria.es\/?s={search_term_string}\"},\"query-input\":\"required name=search_term_string\"}],\"inLanguage\":\"en-GB\"},{\"@type\":\"Organization\",\"@id\":\"https:\/\/gersofontaneria.es\/#organization\",\"name\":\"gersofontaneria\",\"url\":\"https:\/\/gersofontaneria.es\/\",\"logo\":{\"@type\":\"ImageObject\",\"inLanguage\":\"en-GB\",\"@id\":\"https:\/\/gersofontaneria.es\/#\/schema\/logo\/image\/\",\"url\":\"https:\/\/gersofontaneria.es\/wp-content\/uploads\/2023\/02\/LOGO-VECTORIAL-1.svg\",\"contentUrl\":\"https:\/\/gersofontaneria.es\/wp-content\/uploads\/2023\/02\/LOGO-VECTORIAL-1.svg\",\"width\":592,\"height\":377,\"caption\":\"gersofontaneria\"},\"image\":{\"@id\":\"https:\/\/gersofontaneria.es\/#\/schema\/logo\/image\/\"}}]}<\/script>\n<!-- \/ Yoast SEO plugin. -->","yoast_head_json":{"title":"Fontaneria Alcal\u00e1 la Real - Servicios Gerso Fontaner\u00eda","description":"Servicios de fontaner\u00eda GersoFontaneriaes. Se realizan reparaciones, Desatascos, Aver\u00edas, Humedades, Roturas,Piscinas , Alcal\u00e1 la Real y comarca","robots":{"index":"index","follow":"follow","max-snippet":"max-snippet:-1","max-image-preview":"max-image-preview:large","max-video-preview":"max-video-preview:-1"},"canonical":"https:\/\/gersofontaneria.es\/en\/servicios\/fontaneria\/","og_locale":"en_GB","og_type":"article","og_title":"Fontaneria Alcal\u00e1 la Real - Servicios Gerso Fontaner\u00eda","og_description":"Servicios de fontaner\u00eda GersoFontaneriaes. Se realizan reparaciones, Desatascos, Aver\u00edas, Humedades, Roturas,Piscinas , Alcal\u00e1 la Real y comarca","og_url":"https:\/\/gersofontaneria.es\/en\/servicios\/fontaneria\/","og_site_name":"Gersofontaneria","article_modified_time":"2023-02-22T11:06:54+00:00","og_image":[{"url":"https:\/\/gersofontaneria.es\/wp-content\/uploads\/2023\/02\/tratamiento-agua.jpg"}],"twitter_card":"summary_large_image","twitter_misc":{"Estimated reading time":"2 minutes"},"schema":{"@context":"https:\/\/schema.org","@graph":[{"@type":"WebPage","@id":"https:\/\/gersofontaneria.es\/servicios\/fontaneria\/","url":"https:\/\/gersofontaneria.es\/servicios\/fontaneria\/","name":"Fontaneria Alcal\u00e1 la Real - Servicios Gerso Fontaner\u00eda","isPartOf":{"@id":"https:\/\/gersofontaneria.es\/#website"},"primaryImageOfPage":{"@id":"https:\/\/gersofontaneria.es\/servicios\/fontaneria\/#primaryimage"},"image":{"@id":"https:\/\/gersofontaneria.es\/servicios\/fontaneria\/#primaryimage"},"thumbnailUrl":"https:\/\/gersofontaneria.es\/wp-content\/uploads\/2023\/02\/tratamiento-agua.jpg","datePublished":"2023-02-17T07:07:49+00:00","dateModified":"2023-02-22T11:06:54+00:00","description":"Servicios de fontaner\u00eda GersoFontaneriaes. Se realizan reparaciones, Desatascos, Aver\u00edas, Humedades, Roturas,Piscinas , Alcal\u00e1 la Real y comarca","breadcrumb":{"@id":"https:\/\/gersofontaneria.es\/servicios\/fontaneria\/#breadcrumb"},"inLanguage":"en-GB","potentialAction":[{"@type":"ReadAction","target":["https:\/\/gersofontaneria.es\/servicios\/fontaneria\/"]}]},{"@type":"ImageObject","inLanguage":"en-GB","@id":"https:\/\/gersofontaneria.es\/servicios\/fontaneria\/#primaryimage","url":"https:\/\/gersofontaneria.es\/wp-content\/uploads\/2023\/02\/tratamiento-agua.jpg","contentUrl":"https:\/\/gersofontaneria.es\/wp-content\/uploads\/2023\/02\/tratamiento-agua.jpg"},{"@type":"BreadcrumbList","@id":"https:\/\/gersofontaneria.es\/servicios\/fontaneria\/#breadcrumb","itemListElement":[{"@type":"ListItem","position":1,"name":"Portada","item":"https:\/\/gersofontaneria.es\/"},{"@type":"ListItem","position":2,"name":"Servicios","item":"https:\/\/gersofontaneria.es\/servicios\/"},{"@type":"ListItem","position":3,"name":"Fontaner\u00eda"}]},{"@type":"WebSite","@id":"https:\/\/gersofontaneria.es\/#website","url":"https:\/\/gersofontaneria.es\/","name":"Gerso Fontaneria","description":"Servicios de fontaneria Alcal\u00e1 la Real -Jaen","publisher":{"@id":"https:\/\/gersofontaneria.es\/#organization"},"potentialAction":[{"@type":"SearchAction","target":{"@type":"EntryPoint","urlTemplate":"https:\/\/gersofontaneria.es\/?s={search_term_string}"},"query-input":"required name=search_term_string"}],"inLanguage":"en-GB"},{"@type":"Organization","@id":"https:\/\/gersofontaneria.es\/#organization","name":"gersofontaneria","url":"https:\/\/gersofontaneria.es\/","logo":{"@type":"ImageObject","inLanguage":"en-GB","@id":"https:\/\/gersofontaneria.es\/#\/schema\/logo\/image\/","url":"https:\/\/gersofontaneria.es\/wp-content\/uploads\/2023\/02\/LOGO-VECTORIAL-1.svg","contentUrl":"https:\/\/gersofontaneria.es\/wp-content\/uploads\/2023\/02\/LOGO-VECTORIAL-1.svg","width":592,"height":377,"caption":"gersofontaneria"},"image":{"@id":"https:\/\/gersofontaneria.es\/#\/schema\/logo\/image\/"}}]}},"_links":{"self":[{"href":"https:\/\/gersofontaneria.es\/en\/wp-json\/wp\/v2\/pages\/152","targetHints":{"allow":["GET"]}}],"collection":[{"href":"https:\/\/gersofontaneria.es\/en\/wp-json\/wp\/v2\/pages"}],"about":[{"href":"https:\/\/gersofontaneria.es\/en\/wp-json\/wp\/v2\/types\/page"}],"author":[{"embeddable":true,"href":"https:\/\/gersofontaneria.es\/en\/wp-json\/wp\/v2\/users\/1"}],"replies":[{"embeddable":true,"href":"https:\/\/gersofontaneria.es\/en\/wp-json\/wp\/v2\/comments?post=152"}],"version-history":[{"count":47,"href":"https:\/\/gersofontaneria.es\/en\/wp-json\/wp\/v2\/pages\/152\/revisions"}],"predecessor-version":[{"id":592,"href":"https:\/\/gersofontaneria.es\/en\/wp-json\/wp\/v2\/pages\/152\/revisions\/592"}],"up":[{"embeddable":true,"href":"https:\/\/gersofontaneria.es\/en\/wp-json\/wp\/v2\/pages\/150"}],"wp:attachment":[{"href":"https:\/\/gersofontaneria.es\/en\/wp-json\/wp\/v2\/media?parent=152"}],"curies":[{"name":"wp","href":"https:\/\/api.w.org\/{rel}","templated":true}]}}