{"id":157,"date":"2023-02-17T07:12:05","date_gmt":"2023-02-17T07:12:05","guid":{"rendered":"https:\/\/gersofontaneria.es\/?page_id=157"},"modified":"2023-02-17T09:35:18","modified_gmt":"2023-02-17T09:35:18","slug":"sistemas-de-riego","status":"publish","type":"page","link":"https:\/\/gersofontaneria.es\/en\/servicios\/sistemas-de-riego\/","title":{"rendered":"Sistemas de Riego"},"content":{"rendered":"<div data-elementor-type=\"wp-page\" data-elementor-id=\"157\" class=\"elementor elementor-157\">\n\t\t\t\t\t\t<section class=\"elementor-section elementor-top-section elementor-element elementor-element-da7966e elementor-section-boxed elementor-section-height-default elementor-section-height-default\" data-id=\"da7966e\" data-element_type=\"section\">\n\t\t\t\t\t\t<div class=\"elementor-container elementor-column-gap-default\">\n\t\t\t\t\t<div class=\"elementor-column elementor-col-100 elementor-top-column elementor-element elementor-element-4f1493f\" data-id=\"4f1493f\" data-element_type=\"column\">\n\t\t\t<div class=\"elementor-widget-wrap elementor-element-populated\">\n\t\t\t\t\t\t<div class=\"elementor-element elementor-element-97f79d9 elementor-widget elementor-widget-spacer\" data-id=\"97f79d9\" data-element_type=\"widget\" data-widget_type=\"spacer.default\">\n\t\t\t\t<div class=\"elementor-widget-container\">\n\t\t\t\t\t\t\t<div class=\"elementor-spacer\">\n\t\t\t<div class=\"elementor-spacer-inner\"><\/div>\n\t\t<\/div>\n\t\t\t\t\t\t<\/div>\n\t\t\t\t<\/div>\n\t\t\t\t\t<\/div>\n\t\t<\/div>\n\t\t\t\t\t<\/div>\n\t\t<\/section>\n\t\t\t\t<section class=\"elementor-section elementor-top-section elementor-element elementor-element-65c38c2 elementor-section-boxed elementor-section-height-default elementor-section-height-default\" data-id=\"65c38c2\" data-element_type=\"section\">\n\t\t\t\t\t\t<div class=\"elementor-container elementor-column-gap-default\">\n\t\t\t\t\t<div class=\"elementor-column elementor-col-50 elementor-top-column elementor-element elementor-element-c18ab97\" data-id=\"c18ab97\" data-element_type=\"column\">\n\t\t\t<div class=\"elementor-widget-wrap elementor-element-populated\">\n\t\t\t\t\t\t<div class=\"elementor-element elementor-element-b312382 elementor-widget elementor-widget-heading\" data-id=\"b312382\" data-element_type=\"widget\" data-widget_type=\"heading.default\">\n\t\t\t\t<div class=\"elementor-widget-container\">\n\t\t\t\t\t<h2 class=\"elementor-heading-title elementor-size-default\">Sistemas de Riego<\/h2>\t\t\t\t<\/div>\n\t\t\t\t<\/div>\n\t\t\t\t<div class=\"elementor-element elementor-element-58458a5 elementor-widget elementor-widget-text-editor\" data-id=\"58458a5\" data-element_type=\"widget\" data-widget_type=\"text-editor.default\">\n\t\t\t\t<div class=\"elementor-widget-container\">\n\t\t\t\t\t\t\t\t\t<p>\u2022 Dise\u00f1o e instalaci\u00f3n de sistemas de riego<br \/>\u2022 Mantenimiento preventivo<br \/>\u2022 Reparaci\u00f3n de sistemas de riego<br \/>\u2022 Actualizaci\u00f3n de sistemas de riego<\/p>\t\t\t\t\t\t\t\t<\/div>\n\t\t\t\t<\/div>\n\t\t\t\t\t<\/div>\n\t\t<\/div>\n\t\t\t\t<div class=\"elementor-column elementor-col-50 elementor-top-column elementor-element elementor-element-f0d36a3\" data-id=\"f0d36a3\" data-element_type=\"column\">\n\t\t\t<div class=\"elementor-widget-wrap elementor-element-populated\">\n\t\t\t\t\t\t<div class=\"elementor-element elementor-element-77c303b elementor-widget elementor-widget-image\" data-id=\"77c303b\" data-element_type=\"widget\" data-widget_type=\"image.default\">\n\t\t\t\t<div class=\"elementor-widget-container\">\n\t\t\t\t\t\t\t\t\t\t\t\t\t\t\t<img fetchpriority=\"high\" decoding=\"async\" width=\"565\" height=\"240\" src=\"https:\/\/gersofontaneria.es\/wp-content\/uploads\/2023\/02\/jardin-1.jpg\" class=\"attachment-large size-large wp-image-96\" alt=\"Riego de Jardines\" srcset=\"https:\/\/gersofontaneria.es\/wp-content\/uploads\/2023\/02\/jardin-1.jpg 565w, https:\/\/gersofontaneria.es\/wp-content\/uploads\/2023\/02\/jardin-1-300x127.jpg 300w, https:\/\/gersofontaneria.es\/wp-content\/uploads\/2023\/02\/jardin-1-18x8.jpg 18w\" sizes=\"(max-width: 565px) 100vw, 565px\" \/>\t\t\t\t\t\t\t\t\t\t\t\t\t\t\t<\/div>\n\t\t\t\t<\/div>\n\t\t\t\t\t<\/div>\n\t\t<\/div>\n\t\t\t\t\t<\/div>\n\t\t<\/section>\n\t\t\t\t<section class=\"elementor-section elementor-top-section elementor-element elementor-element-8008616 elementor-section-boxed elementor-section-height-default elementor-section-height-default\" data-id=\"8008616\" data-element_type=\"section\">\n\t\t\t\t\t\t<div class=\"elementor-container elementor-column-gap-default\">\n\t\t\t\t\t<div class=\"elementor-column elementor-col-100 elementor-top-column elementor-element elementor-element-d35dc84\" data-id=\"d35dc84\" data-element_type=\"column\">\n\t\t\t<div class=\"elementor-widget-wrap elementor-element-populated\">\n\t\t\t\t\t\t<div class=\"elementor-element elementor-element-e416dbe elementor-widget elementor-widget-text-editor\" data-id=\"e416dbe\" data-element_type=\"widget\" data-widget_type=\"text-editor.default\">\n\t\t\t\t<div class=\"elementor-widget-container\">\n\t\t\t\t\t\t\t\t\tNuestros\u00a0 trabajos en los sistemas de riego incluyen la instalaci\u00f3n, mantenimiento y reparaci\u00f3n de sistemas de riego que se utilizan para regar jardines, campos de cultivo, parques y otras \u00e1reas verdes. Algunos de los trabajos m\u00e1s comunes en los sistemas de riego incluyen:\n<ul>\n \t<li>Dise\u00f1o e instalaci\u00f3n de sistemas de riego: esto implica dise\u00f1ar y crear un sistema de riego personalizado para las necesidades espec\u00edficas del \u00e1rea verde en cuesti\u00f3n, as\u00ed como la instalaci\u00f3n de tuber\u00edas, aspersores y otros componentes del sistema.<\/li>\n \t<li>Mantenimiento preventivo: esto incluye la limpieza y el ajuste regular de los componentes del sistema de riego, as\u00ed como la programaci\u00f3n del sistema para asegurarse de que se riegue adecuadamente.<\/li>\n \t<li>Reparaci\u00f3n de sistemas de riego: esto implica la identificaci\u00f3n y reparaci\u00f3n de problemas en el sistema de riego, como fugas de agua, rotores de aspersi\u00f3n da\u00f1ados o v\u00e1lvulas defectuosas.<\/li>\n \t<li>Actualizaci\u00f3n de sistemas de riego: esto implica la actualizaci\u00f3n de sistemas de riego obsoletos o ineficientes con tecnolog\u00edas m\u00e1s avanzadas, como sensores de lluvia, sistemas de riego inteligentes y aspersores de alta eficiencia.<\/li>\n<\/ul>\nLos profesionales que trabajan en los sistemas de riego deben tener conocimientos en plomer\u00eda, electricidad y en algunos casos, en programaci\u00f3n y tecnolog\u00eda para poder llevar a cabo de manera eficiente y efectiva los trabajos relacionados.\t\t\t\t\t\t\t\t<\/div>\n\t\t\t\t<\/div>\n\t\t\t\t\t<\/div>\n\t\t<\/div>\n\t\t\t\t\t<\/div>\n\t\t<\/section>\n\t\t\t\t<\/div>","protected":false},"excerpt":{"rendered":"<p>Sistemas de Riego \u2022 Dise\u00f1o e instalaci\u00f3n de sistemas de riego\u2022 Mantenimiento preventivo\u2022 Reparaci\u00f3n de sistemas de riego\u2022 Actualizaci\u00f3n de sistemas de riego Nuestros\u00a0 trabajos en los sistemas de riego incluyen la instalaci\u00f3n, mantenimiento y reparaci\u00f3n de sistemas de riego que se utilizan para regar jardines, campos de cultivo, parques y otras \u00e1reas verdes. Algunos&hellip;&nbsp;<a href=\"https:\/\/gersofontaneria.es\/en\/servicios\/sistemas-de-riego\/\" class=\"\" rel=\"bookmark\">Read More &raquo;<span class=\"screen-reader-text\">Sistemas de Riego<\/span><\/a><\/p>","protected":false},"author":1,"featured_media":0,"parent":150,"menu_order":3,"comment_status":"closed","ping_status":"closed","template":"page-templates\/template-pagebuilder-full-width.php","meta":{"neve_meta_sidebar":"","neve_meta_container":"","neve_meta_enable_content_width":"","neve_meta_content_width":0,"neve_meta_title_alignment":"","neve_meta_author_avatar":"","neve_post_elements_order":"","neve_meta_disable_header":"","neve_meta_disable_footer":"","neve_meta_disable_title":"","_ti_tpc_template_sync":false,"_ti_tpc_template_id":"","footnotes":""},"class_list":["post-157","page","type-page","status-publish","hentry"],"yoast_head":"<!-- This site is optimized with the Yoast SEO plugin v23.1 - https:\/\/yoast.com\/wordpress\/plugins\/seo\/ -->\n<title>Sistemas de Riego - Gersofontaneria<\/title>\n<meta name=\"robots\" content=\"index, follow, max-snippet:-1, max-image-preview:large, max-video-preview:-1\" \/>\n<link rel=\"canonical\" href=\"https:\/\/gersofontaneria.es\/en\/servicios\/sistemas-de-riego\/\" \/>\n<meta property=\"og:locale\" content=\"en_GB\" \/>\n<meta property=\"og:type\" content=\"article\" \/>\n<meta property=\"og:title\" content=\"Sistemas de Riego - Gersofontaneria\" \/>\n<meta property=\"og:description\" content=\"Sistemas de Riego \u2022 Dise\u00f1o e instalaci\u00f3n de sistemas de riego\u2022 Mantenimiento preventivo\u2022 Reparaci\u00f3n de sistemas de riego\u2022 Actualizaci\u00f3n de sistemas de riego Nuestros\u00a0 trabajos en los sistemas de riego incluyen la instalaci\u00f3n, mantenimiento y reparaci\u00f3n de sistemas de riego que se utilizan para regar jardines, campos de cultivo, parques y otras \u00e1reas verdes. Algunos&hellip;&nbsp;Read More &raquo;Sistemas de Riego\" \/>\n<meta property=\"og:url\" content=\"https:\/\/gersofontaneria.es\/en\/servicios\/sistemas-de-riego\/\" \/>\n<meta property=\"og:site_name\" content=\"Gersofontaneria\" \/>\n<meta property=\"article:modified_time\" content=\"2023-02-17T09:35:18+00:00\" \/>\n<meta property=\"og:image\" content=\"https:\/\/gersofontaneria.es\/wp-content\/uploads\/2023\/02\/jardin-1.jpg\" \/>\n<meta name=\"twitter:card\" content=\"summary_large_image\" \/>\n<meta name=\"twitter:label1\" content=\"Estimated reading time\" \/>\n\t<meta name=\"twitter:data1\" content=\"2 minutes\" \/>\n<script type=\"application\/ld+json\" class=\"yoast-schema-graph\">{\"@context\":\"https:\/\/schema.org\",\"@graph\":[{\"@type\":\"WebPage\",\"@id\":\"https:\/\/gersofontaneria.es\/servicios\/sistemas-de-riego\/\",\"url\":\"https:\/\/gersofontaneria.es\/servicios\/sistemas-de-riego\/\",\"name\":\"Sistemas de Riego - Gersofontaneria\",\"isPartOf\":{\"@id\":\"https:\/\/gersofontaneria.es\/#website\"},\"primaryImageOfPage\":{\"@id\":\"https:\/\/gersofontaneria.es\/servicios\/sistemas-de-riego\/#primaryimage\"},\"image\":{\"@id\":\"https:\/\/gersofontaneria.es\/servicios\/sistemas-de-riego\/#primaryimage\"},\"thumbnailUrl\":\"https:\/\/gersofontaneria.es\/wp-content\/uploads\/2023\/02\/jardin-1.jpg\",\"datePublished\":\"2023-02-17T07:12:05+00:00\",\"dateModified\":\"2023-02-17T09:35:18+00:00\",\"breadcrumb\":{\"@id\":\"https:\/\/gersofontaneria.es\/servicios\/sistemas-de-riego\/#breadcrumb\"},\"inLanguage\":\"en-GB\",\"potentialAction\":[{\"@type\":\"ReadAction\",\"target\":[\"https:\/\/gersofontaneria.es\/servicios\/sistemas-de-riego\/\"]}]},{\"@type\":\"ImageObject\",\"inLanguage\":\"en-GB\",\"@id\":\"https:\/\/gersofontaneria.es\/servicios\/sistemas-de-riego\/#primaryimage\",\"url\":\"https:\/\/gersofontaneria.es\/wp-content\/uploads\/2023\/02\/jardin-1.jpg\",\"contentUrl\":\"https:\/\/gersofontaneria.es\/wp-content\/uploads\/2023\/02\/jardin-1.jpg\"},{\"@type\":\"BreadcrumbList\",\"@id\":\"https:\/\/gersofontaneria.es\/servicios\/sistemas-de-riego\/#breadcrumb\",\"itemListElement\":[{\"@type\":\"ListItem\",\"position\":1,\"name\":\"Portada\",\"item\":\"https:\/\/gersofontaneria.es\/\"},{\"@type\":\"ListItem\",\"position\":2,\"name\":\"Servicios\",\"item\":\"https:\/\/gersofontaneria.es\/servicios\/\"},{\"@type\":\"ListItem\",\"position\":3,\"name\":\"Sistemas de Riego\"}]},{\"@type\":\"WebSite\",\"@id\":\"https:\/\/gersofontaneria.es\/#website\",\"url\":\"https:\/\/gersofontaneria.es\/\",\"name\":\"Gerso Fontaneria\",\"description\":\"Servicios de fontaneria Alcal\u00e1 la Real -Jaen\",\"publisher\":{\"@id\":\"https:\/\/gersofontaneria.es\/#organization\"},\"potentialAction\":[{\"@type\":\"SearchAction\",\"target\":{\"@type\":\"EntryPoint\",\"urlTemplate\":\"https:\/\/gersofontaneria.es\/?s={search_term_string}\"},\"query-input\":\"required name=search_term_string\"}],\"inLanguage\":\"en-GB\"},{\"@type\":\"Organization\",\"@id\":\"https:\/\/gersofontaneria.es\/#organization\",\"name\":\"gersofontaneria\",\"url\":\"https:\/\/gersofontaneria.es\/\",\"logo\":{\"@type\":\"ImageObject\",\"inLanguage\":\"en-GB\",\"@id\":\"https:\/\/gersofontaneria.es\/#\/schema\/logo\/image\/\",\"url\":\"https:\/\/gersofontaneria.es\/wp-content\/uploads\/2023\/02\/LOGO-VECTORIAL-1.svg\",\"contentUrl\":\"https:\/\/gersofontaneria.es\/wp-content\/uploads\/2023\/02\/LOGO-VECTORIAL-1.svg\",\"width\":592,\"height\":377,\"caption\":\"gersofontaneria\"},\"image\":{\"@id\":\"https:\/\/gersofontaneria.es\/#\/schema\/logo\/image\/\"}}]}<\/script>\n<!-- \/ Yoast SEO plugin. -->","yoast_head_json":{"title":"Sistemas de Riego - Gersofontaneria","robots":{"index":"index","follow":"follow","max-snippet":"max-snippet:-1","max-image-preview":"max-image-preview:large","max-video-preview":"max-video-preview:-1"},"canonical":"https:\/\/gersofontaneria.es\/en\/servicios\/sistemas-de-riego\/","og_locale":"en_GB","og_type":"article","og_title":"Sistemas de Riego - Gersofontaneria","og_description":"Sistemas de Riego \u2022 Dise\u00f1o e instalaci\u00f3n de sistemas de riego\u2022 Mantenimiento preventivo\u2022 Reparaci\u00f3n de sistemas de riego\u2022 Actualizaci\u00f3n de sistemas de riego Nuestros\u00a0 trabajos en los sistemas de riego incluyen la instalaci\u00f3n, mantenimiento y reparaci\u00f3n de sistemas de riego que se utilizan para regar jardines, campos de cultivo, parques y otras \u00e1reas verdes. Algunos&hellip;&nbsp;Read More &raquo;Sistemas de Riego","og_url":"https:\/\/gersofontaneria.es\/en\/servicios\/sistemas-de-riego\/","og_site_name":"Gersofontaneria","article_modified_time":"2023-02-17T09:35:18+00:00","og_image":[{"url":"https:\/\/gersofontaneria.es\/wp-content\/uploads\/2023\/02\/jardin-1.jpg"}],"twitter_card":"summary_large_image","twitter_misc":{"Estimated reading time":"2 minutes"},"schema":{"@context":"https:\/\/schema.org","@graph":[{"@type":"WebPage","@id":"https:\/\/gersofontaneria.es\/servicios\/sistemas-de-riego\/","url":"https:\/\/gersofontaneria.es\/servicios\/sistemas-de-riego\/","name":"Sistemas de Riego - Gersofontaneria","isPartOf":{"@id":"https:\/\/gersofontaneria.es\/#website"},"primaryImageOfPage":{"@id":"https:\/\/gersofontaneria.es\/servicios\/sistemas-de-riego\/#primaryimage"},"image":{"@id":"https:\/\/gersofontaneria.es\/servicios\/sistemas-de-riego\/#primaryimage"},"thumbnailUrl":"https:\/\/gersofontaneria.es\/wp-content\/uploads\/2023\/02\/jardin-1.jpg","datePublished":"2023-02-17T07:12:05+00:00","dateModified":"2023-02-17T09:35:18+00:00","breadcrumb":{"@id":"https:\/\/gersofontaneria.es\/servicios\/sistemas-de-riego\/#breadcrumb"},"inLanguage":"en-GB","potentialAction":[{"@type":"ReadAction","target":["https:\/\/gersofontaneria.es\/servicios\/sistemas-de-riego\/"]}]},{"@type":"ImageObject","inLanguage":"en-GB","@id":"https:\/\/gersofontaneria.es\/servicios\/sistemas-de-riego\/#primaryimage","url":"https:\/\/gersofontaneria.es\/wp-content\/uploads\/2023\/02\/jardin-1.jpg","contentUrl":"https:\/\/gersofontaneria.es\/wp-content\/uploads\/2023\/02\/jardin-1.jpg"},{"@type":"BreadcrumbList","@id":"https:\/\/gersofontaneria.es\/servicios\/sistemas-de-riego\/#breadcrumb","itemListElement":[{"@type":"ListItem","position":1,"name":"Portada","item":"https:\/\/gersofontaneria.es\/"},{"@type":"ListItem","position":2,"name":"Servicios","item":"https:\/\/gersofontaneria.es\/servicios\/"},{"@type":"ListItem","position":3,"name":"Sistemas de Riego"}]},{"@type":"WebSite","@id":"https:\/\/gersofontaneria.es\/#website","url":"https:\/\/gersofontaneria.es\/","name":"Gerso Fontaneria","description":"Servicios de fontaneria Alcal\u00e1 la Real -Jaen","publisher":{"@id":"https:\/\/gersofontaneria.es\/#organization"},"potentialAction":[{"@type":"SearchAction","target":{"@type":"EntryPoint","urlTemplate":"https:\/\/gersofontaneria.es\/?s={search_term_string}"},"query-input":"required name=search_term_string"}],"inLanguage":"en-GB"},{"@type":"Organization","@id":"https:\/\/gersofontaneria.es\/#organization","name":"gersofontaneria","url":"https:\/\/gersofontaneria.es\/","logo":{"@type":"ImageObject","inLanguage":"en-GB","@id":"https:\/\/gersofontaneria.es\/#\/schema\/logo\/image\/","url":"https:\/\/gersofontaneria.es\/wp-content\/uploads\/2023\/02\/LOGO-VECTORIAL-1.svg","contentUrl":"https:\/\/gersofontaneria.es\/wp-content\/uploads\/2023\/02\/LOGO-VECTORIAL-1.svg","width":592,"height":377,"caption":"gersofontaneria"},"image":{"@id":"https:\/\/gersofontaneria.es\/#\/schema\/logo\/image\/"}}]}},"_links":{"self":[{"href":"https:\/\/gersofontaneria.es\/en\/wp-json\/wp\/v2\/pages\/157","targetHints":{"allow":["GET"]}}],"collection":[{"href":"https:\/\/gersofontaneria.es\/en\/wp-json\/wp\/v2\/pages"}],"about":[{"href":"https:\/\/gersofontaneria.es\/en\/wp-json\/wp\/v2\/types\/page"}],"author":[{"embeddable":true,"href":"https:\/\/gersofontaneria.es\/en\/wp-json\/wp\/v2\/users\/1"}],"replies":[{"embeddable":true,"href":"https:\/\/gersofontaneria.es\/en\/wp-json\/wp\/v2\/comments?post=157"}],"version-history":[{"count":7,"href":"https:\/\/gersofontaneria.es\/en\/wp-json\/wp\/v2\/pages\/157\/revisions"}],"predecessor-version":[{"id":311,"href":"https:\/\/gersofontaneria.es\/en\/wp-json\/wp\/v2\/pages\/157\/revisions\/311"}],"up":[{"embeddable":true,"href":"https:\/\/gersofontaneria.es\/en\/wp-json\/wp\/v2\/pages\/150"}],"wp:attachment":[{"href":"https:\/\/gersofontaneria.es\/en\/wp-json\/wp\/v2\/media?parent=157"}],"curies":[{"name":"wp","href":"https:\/\/api.w.org\/{rel}","templated":true}]}}