{"id":161,"date":"2023-02-17T07:13:18","date_gmt":"2023-02-17T07:13:18","guid":{"rendered":"https:\/\/gersofontaneria.es\/?page_id=161"},"modified":"2023-02-17T09:38:58","modified_gmt":"2023-02-17T09:38:58","slug":"mantenimiento-de-casas-rurales","status":"publish","type":"page","link":"https:\/\/gersofontaneria.es\/en\/servicios\/mantenimiento-de-casas-rurales\/","title":{"rendered":"Mantenimiento de casas rurales"},"content":{"rendered":"<div data-elementor-type=\"wp-page\" data-elementor-id=\"161\" class=\"elementor elementor-161\">\n\t\t\t\t\t\t<section class=\"elementor-section elementor-top-section elementor-element elementor-element-a761a67 elementor-section-boxed elementor-section-height-default elementor-section-height-default\" data-id=\"a761a67\" data-element_type=\"section\">\n\t\t\t\t\t\t<div class=\"elementor-container elementor-column-gap-default\">\n\t\t\t\t\t<div class=\"elementor-column elementor-col-100 elementor-top-column elementor-element elementor-element-5d81afc\" data-id=\"5d81afc\" data-element_type=\"column\">\n\t\t\t<div class=\"elementor-widget-wrap elementor-element-populated\">\n\t\t\t\t\t\t<div class=\"elementor-element elementor-element-7c86e70 elementor-widget elementor-widget-spacer\" data-id=\"7c86e70\" data-element_type=\"widget\" data-widget_type=\"spacer.default\">\n\t\t\t\t<div class=\"elementor-widget-container\">\n\t\t\t\t\t\t\t<div class=\"elementor-spacer\">\n\t\t\t<div class=\"elementor-spacer-inner\"><\/div>\n\t\t<\/div>\n\t\t\t\t\t\t<\/div>\n\t\t\t\t<\/div>\n\t\t\t\t\t<\/div>\n\t\t<\/div>\n\t\t\t\t\t<\/div>\n\t\t<\/section>\n\t\t\t\t<section class=\"elementor-section elementor-top-section elementor-element elementor-element-5fd1511 elementor-section-boxed elementor-section-height-default elementor-section-height-default\" data-id=\"5fd1511\" data-element_type=\"section\">\n\t\t\t\t\t\t<div class=\"elementor-container elementor-column-gap-default\">\n\t\t\t\t\t<div class=\"elementor-column elementor-col-50 elementor-top-column elementor-element elementor-element-c1cf199\" data-id=\"c1cf199\" data-element_type=\"column\">\n\t\t\t<div class=\"elementor-widget-wrap elementor-element-populated\">\n\t\t\t\t\t\t<div class=\"elementor-element elementor-element-55105f9 elementor-widget elementor-widget-heading\" data-id=\"55105f9\" data-element_type=\"widget\" data-widget_type=\"heading.default\">\n\t\t\t\t<div class=\"elementor-widget-container\">\n\t\t\t\t\t<h2 class=\"elementor-heading-title elementor-size-default\">Mantenimiento de casas rurales<\/h2>\t\t\t\t<\/div>\n\t\t\t\t<\/div>\n\t\t\t\t<div class=\"elementor-element elementor-element-d4a0388 elementor-widget elementor-widget-text-editor\" data-id=\"d4a0388\" data-element_type=\"widget\" data-widget_type=\"text-editor.default\">\n\t\t\t\t<div class=\"elementor-widget-container\">\n\t\t\t\t\t\t\t\t\t<p>\u2022 Dise\u00f1o e instalaci\u00f3n de sistemas de riego<br \/>\u2022 Mantenimiento preventivo<br \/>\u2022 Reparaci\u00f3n de sistemas de riego<br \/>\u2022 Actualizaci\u00f3n de sistemas de riego<\/p>\t\t\t\t\t\t\t\t<\/div>\n\t\t\t\t<\/div>\n\t\t\t\t\t<\/div>\n\t\t<\/div>\n\t\t\t\t<div class=\"elementor-column elementor-col-50 elementor-top-column elementor-element elementor-element-e5c372c\" data-id=\"e5c372c\" data-element_type=\"column\">\n\t\t\t<div class=\"elementor-widget-wrap elementor-element-populated\">\n\t\t\t\t\t\t<div class=\"elementor-element elementor-element-8142ed6 elementor-widget elementor-widget-image\" data-id=\"8142ed6\" data-element_type=\"widget\" data-widget_type=\"image.default\">\n\t\t\t\t<div class=\"elementor-widget-container\">\n\t\t\t\t\t\t\t\t\t\t\t\t\t\t\t<img fetchpriority=\"high\" decoding=\"async\" width=\"565\" height=\"240\" src=\"https:\/\/gersofontaneria.es\/wp-content\/uploads\/2023\/02\/casa-rural.jpg\" class=\"attachment-large size-large wp-image-98\" alt=\"Mantenimiento Casas Rurales\" srcset=\"https:\/\/gersofontaneria.es\/wp-content\/uploads\/2023\/02\/casa-rural.jpg 565w, https:\/\/gersofontaneria.es\/wp-content\/uploads\/2023\/02\/casa-rural-300x127.jpg 300w, https:\/\/gersofontaneria.es\/wp-content\/uploads\/2023\/02\/casa-rural-18x8.jpg 18w\" sizes=\"(max-width: 565px) 100vw, 565px\" \/>\t\t\t\t\t\t\t\t\t\t\t\t\t\t\t<\/div>\n\t\t\t\t<\/div>\n\t\t\t\t\t<\/div>\n\t\t<\/div>\n\t\t\t\t\t<\/div>\n\t\t<\/section>\n\t\t\t\t<section class=\"elementor-section elementor-top-section elementor-element elementor-element-9d989f1 elementor-section-boxed elementor-section-height-default elementor-section-height-default\" data-id=\"9d989f1\" data-element_type=\"section\">\n\t\t\t\t\t\t<div class=\"elementor-container elementor-column-gap-default\">\n\t\t\t\t\t<div class=\"elementor-column elementor-col-100 elementor-top-column elementor-element elementor-element-fb3aa67\" data-id=\"fb3aa67\" data-element_type=\"column\">\n\t\t\t<div class=\"elementor-widget-wrap elementor-element-populated\">\n\t\t\t\t\t\t<div class=\"elementor-element elementor-element-18c16cf elementor-widget elementor-widget-text-editor\" data-id=\"18c16cf\" data-element_type=\"widget\" data-widget_type=\"text-editor.default\">\n\t\t\t\t<div class=\"elementor-widget-container\">\n\t\t\t\t\t\t\t\t\tNuestros\u00a0 trabajos para el mantenimiento de casas rurales implica una serie de trabajos destinados a mantener la propiedad en buen estado y funcionando correctamente\n\nAlgunos de los trabajos m\u00e1s comunes en el mantenimiento de casas rurales incluyen:\n<ul>\n \t<li>Mantenimiento de sistemas de calefacci\u00f3n y aire acondicionado: esto incluye la limpieza y el mantenimiento regular de los sistemas de calefacci\u00f3n y aire acondicionado para asegurar su eficacia a largo plazo.<\/li>\n \t<li>Reparaci\u00f3n de techos y paredes: esto implica la identificaci\u00f3n y reparaci\u00f3n de problemas en techos y paredes, como fugas, da\u00f1os causados por la humedad, grietas y agujeros.<\/li>\n \t<li>Mantenimiento de sistemas de plomer\u00eda: esto incluye la limpieza y el mantenimiento regular de los sistemas de plomer\u00eda, como la inspecci\u00f3n y limpieza de las tuber\u00edas y el mantenimiento de los grifos y accesorios.<\/li>\n \t<li>Mantenimiento de jardines y terrenos: esto incluye la limpieza y el mantenimiento regular de los jardines, la poda de \u00e1rboles y arbustos, y el cuidado de la propiedad para mantener su atractivo est\u00e9tico.<\/li>\n \t<li>Mantenimiento de sistemas el\u00e9ctricos: esto incluye la inspecci\u00f3n y el mantenimiento regular de los sistemas el\u00e9ctricos, como la sustituci\u00f3n de interruptores y enchufes, y la reparaci\u00f3n de cualquier fallo el\u00e9ctrico.<\/li>\n \t<li>Limpieza y mantenimiento de piscinas y spas: esto incluye la limpieza y el mantenimiento regular de piscinas y spas para asegurar su seguridad y eficacia.<\/li>\n<\/ul>\nTrabajamos en el mantenimiento de casas rurales gracias a nuestros conocimientos en una variedad de \u00e1reas, como plomer\u00eda, electricidad, jardiner\u00eda, construcci\u00f3n y reparaci\u00f3n de techos, para poder llevar a cabo de manera eficiente y efectiva los trabajos relacionados.\t\t\t\t\t\t\t\t<\/div>\n\t\t\t\t<\/div>\n\t\t\t\t\t<\/div>\n\t\t<\/div>\n\t\t\t\t\t<\/div>\n\t\t<\/section>\n\t\t\t\t<\/div>","protected":false},"excerpt":{"rendered":"<p>Mantenimiento de casas rurales \u2022 Dise\u00f1o e instalaci\u00f3n de sistemas de riego\u2022 Mantenimiento preventivo\u2022 Reparaci\u00f3n de sistemas de riego\u2022 Actualizaci\u00f3n de sistemas de riego Nuestros\u00a0 trabajos para el mantenimiento de casas rurales implica una serie de trabajos destinados a mantener la propiedad en buen estado y funcionando correctamente Algunos de los trabajos m\u00e1s comunes en&hellip;&nbsp;<a href=\"https:\/\/gersofontaneria.es\/en\/servicios\/mantenimiento-de-casas-rurales\/\" class=\"\" rel=\"bookmark\">Read More &raquo;<span class=\"screen-reader-text\">Mantenimiento de casas rurales<\/span><\/a><\/p>","protected":false},"author":1,"featured_media":0,"parent":150,"menu_order":5,"comment_status":"closed","ping_status":"closed","template":"page-templates\/template-pagebuilder-full-width.php","meta":{"neve_meta_sidebar":"","neve_meta_container":"","neve_meta_enable_content_width":"","neve_meta_content_width":0,"neve_meta_title_alignment":"","neve_meta_author_avatar":"","neve_post_elements_order":"","neve_meta_disable_header":"","neve_meta_disable_footer":"","neve_meta_disable_title":"","_ti_tpc_template_sync":false,"_ti_tpc_template_id":"","footnotes":""},"class_list":["post-161","page","type-page","status-publish","hentry"],"yoast_head":"<!-- This site is optimized with the Yoast SEO plugin v23.1 - https:\/\/yoast.com\/wordpress\/plugins\/seo\/ -->\n<title>Mantenimiento de casas rurales - Gersofontaneria<\/title>\n<meta name=\"robots\" content=\"index, follow, max-snippet:-1, max-image-preview:large, max-video-preview:-1\" \/>\n<link rel=\"canonical\" href=\"https:\/\/gersofontaneria.es\/en\/servicios\/mantenimiento-de-casas-rurales\/\" \/>\n<meta property=\"og:locale\" content=\"en_GB\" \/>\n<meta property=\"og:type\" content=\"article\" \/>\n<meta property=\"og:title\" content=\"Mantenimiento de casas rurales - Gersofontaneria\" \/>\n<meta property=\"og:description\" content=\"Mantenimiento de casas rurales \u2022 Dise\u00f1o e instalaci\u00f3n de sistemas de riego\u2022 Mantenimiento preventivo\u2022 Reparaci\u00f3n de sistemas de riego\u2022 Actualizaci\u00f3n de sistemas de riego Nuestros\u00a0 trabajos para el mantenimiento de casas rurales implica una serie de trabajos destinados a mantener la propiedad en buen estado y funcionando correctamente Algunos de los trabajos m\u00e1s comunes en&hellip;&nbsp;Read More &raquo;Mantenimiento de casas rurales\" \/>\n<meta property=\"og:url\" content=\"https:\/\/gersofontaneria.es\/en\/servicios\/mantenimiento-de-casas-rurales\/\" \/>\n<meta property=\"og:site_name\" content=\"Gersofontaneria\" \/>\n<meta property=\"article:modified_time\" content=\"2023-02-17T09:38:58+00:00\" \/>\n<meta property=\"og:image\" content=\"https:\/\/gersofontaneria.es\/wp-content\/uploads\/2023\/02\/casa-rural.jpg\" \/>\n<meta name=\"twitter:card\" content=\"summary_large_image\" \/>\n<meta name=\"twitter:label1\" content=\"Estimated reading time\" \/>\n\t<meta name=\"twitter:data1\" content=\"2 minutes\" \/>\n<script type=\"application\/ld+json\" class=\"yoast-schema-graph\">{\"@context\":\"https:\/\/schema.org\",\"@graph\":[{\"@type\":\"WebPage\",\"@id\":\"https:\/\/gersofontaneria.es\/servicios\/mantenimiento-de-casas-rurales\/\",\"url\":\"https:\/\/gersofontaneria.es\/servicios\/mantenimiento-de-casas-rurales\/\",\"name\":\"Mantenimiento de casas rurales - Gersofontaneria\",\"isPartOf\":{\"@id\":\"https:\/\/gersofontaneria.es\/#website\"},\"primaryImageOfPage\":{\"@id\":\"https:\/\/gersofontaneria.es\/servicios\/mantenimiento-de-casas-rurales\/#primaryimage\"},\"image\":{\"@id\":\"https:\/\/gersofontaneria.es\/servicios\/mantenimiento-de-casas-rurales\/#primaryimage\"},\"thumbnailUrl\":\"https:\/\/gersofontaneria.es\/wp-content\/uploads\/2023\/02\/casa-rural.jpg\",\"datePublished\":\"2023-02-17T07:13:18+00:00\",\"dateModified\":\"2023-02-17T09:38:58+00:00\",\"breadcrumb\":{\"@id\":\"https:\/\/gersofontaneria.es\/servicios\/mantenimiento-de-casas-rurales\/#breadcrumb\"},\"inLanguage\":\"en-GB\",\"potentialAction\":[{\"@type\":\"ReadAction\",\"target\":[\"https:\/\/gersofontaneria.es\/servicios\/mantenimiento-de-casas-rurales\/\"]}]},{\"@type\":\"ImageObject\",\"inLanguage\":\"en-GB\",\"@id\":\"https:\/\/gersofontaneria.es\/servicios\/mantenimiento-de-casas-rurales\/#primaryimage\",\"url\":\"https:\/\/gersofontaneria.es\/wp-content\/uploads\/2023\/02\/casa-rural.jpg\",\"contentUrl\":\"https:\/\/gersofontaneria.es\/wp-content\/uploads\/2023\/02\/casa-rural.jpg\"},{\"@type\":\"BreadcrumbList\",\"@id\":\"https:\/\/gersofontaneria.es\/servicios\/mantenimiento-de-casas-rurales\/#breadcrumb\",\"itemListElement\":[{\"@type\":\"ListItem\",\"position\":1,\"name\":\"Portada\",\"item\":\"https:\/\/gersofontaneria.es\/\"},{\"@type\":\"ListItem\",\"position\":2,\"name\":\"Servicios\",\"item\":\"https:\/\/gersofontaneria.es\/servicios\/\"},{\"@type\":\"ListItem\",\"position\":3,\"name\":\"Mantenimiento de casas rurales\"}]},{\"@type\":\"WebSite\",\"@id\":\"https:\/\/gersofontaneria.es\/#website\",\"url\":\"https:\/\/gersofontaneria.es\/\",\"name\":\"Gerso Fontaneria\",\"description\":\"Servicios de fontaneria Alcal\u00e1 la Real -Jaen\",\"publisher\":{\"@id\":\"https:\/\/gersofontaneria.es\/#organization\"},\"potentialAction\":[{\"@type\":\"SearchAction\",\"target\":{\"@type\":\"EntryPoint\",\"urlTemplate\":\"https:\/\/gersofontaneria.es\/?s={search_term_string}\"},\"query-input\":\"required name=search_term_string\"}],\"inLanguage\":\"en-GB\"},{\"@type\":\"Organization\",\"@id\":\"https:\/\/gersofontaneria.es\/#organization\",\"name\":\"gersofontaneria\",\"url\":\"https:\/\/gersofontaneria.es\/\",\"logo\":{\"@type\":\"ImageObject\",\"inLanguage\":\"en-GB\",\"@id\":\"https:\/\/gersofontaneria.es\/#\/schema\/logo\/image\/\",\"url\":\"https:\/\/gersofontaneria.es\/wp-content\/uploads\/2023\/02\/LOGO-VECTORIAL-1.svg\",\"contentUrl\":\"https:\/\/gersofontaneria.es\/wp-content\/uploads\/2023\/02\/LOGO-VECTORIAL-1.svg\",\"width\":592,\"height\":377,\"caption\":\"gersofontaneria\"},\"image\":{\"@id\":\"https:\/\/gersofontaneria.es\/#\/schema\/logo\/image\/\"}}]}<\/script>\n<!-- \/ Yoast SEO plugin. -->","yoast_head_json":{"title":"Mantenimiento de casas rurales - Gersofontaneria","robots":{"index":"index","follow":"follow","max-snippet":"max-snippet:-1","max-image-preview":"max-image-preview:large","max-video-preview":"max-video-preview:-1"},"canonical":"https:\/\/gersofontaneria.es\/en\/servicios\/mantenimiento-de-casas-rurales\/","og_locale":"en_GB","og_type":"article","og_title":"Mantenimiento de casas rurales - Gersofontaneria","og_description":"Mantenimiento de casas rurales \u2022 Dise\u00f1o e instalaci\u00f3n de sistemas de riego\u2022 Mantenimiento preventivo\u2022 Reparaci\u00f3n de sistemas de riego\u2022 Actualizaci\u00f3n de sistemas de riego Nuestros\u00a0 trabajos para el mantenimiento de casas rurales implica una serie de trabajos destinados a mantener la propiedad en buen estado y funcionando correctamente Algunos de los trabajos m\u00e1s comunes en&hellip;&nbsp;Read More &raquo;Mantenimiento de casas rurales","og_url":"https:\/\/gersofontaneria.es\/en\/servicios\/mantenimiento-de-casas-rurales\/","og_site_name":"Gersofontaneria","article_modified_time":"2023-02-17T09:38:58+00:00","og_image":[{"url":"https:\/\/gersofontaneria.es\/wp-content\/uploads\/2023\/02\/casa-rural.jpg"}],"twitter_card":"summary_large_image","twitter_misc":{"Estimated reading time":"2 minutes"},"schema":{"@context":"https:\/\/schema.org","@graph":[{"@type":"WebPage","@id":"https:\/\/gersofontaneria.es\/servicios\/mantenimiento-de-casas-rurales\/","url":"https:\/\/gersofontaneria.es\/servicios\/mantenimiento-de-casas-rurales\/","name":"Mantenimiento de casas rurales - Gersofontaneria","isPartOf":{"@id":"https:\/\/gersofontaneria.es\/#website"},"primaryImageOfPage":{"@id":"https:\/\/gersofontaneria.es\/servicios\/mantenimiento-de-casas-rurales\/#primaryimage"},"image":{"@id":"https:\/\/gersofontaneria.es\/servicios\/mantenimiento-de-casas-rurales\/#primaryimage"},"thumbnailUrl":"https:\/\/gersofontaneria.es\/wp-content\/uploads\/2023\/02\/casa-rural.jpg","datePublished":"2023-02-17T07:13:18+00:00","dateModified":"2023-02-17T09:38:58+00:00","breadcrumb":{"@id":"https:\/\/gersofontaneria.es\/servicios\/mantenimiento-de-casas-rurales\/#breadcrumb"},"inLanguage":"en-GB","potentialAction":[{"@type":"ReadAction","target":["https:\/\/gersofontaneria.es\/servicios\/mantenimiento-de-casas-rurales\/"]}]},{"@type":"ImageObject","inLanguage":"en-GB","@id":"https:\/\/gersofontaneria.es\/servicios\/mantenimiento-de-casas-rurales\/#primaryimage","url":"https:\/\/gersofontaneria.es\/wp-content\/uploads\/2023\/02\/casa-rural.jpg","contentUrl":"https:\/\/gersofontaneria.es\/wp-content\/uploads\/2023\/02\/casa-rural.jpg"},{"@type":"BreadcrumbList","@id":"https:\/\/gersofontaneria.es\/servicios\/mantenimiento-de-casas-rurales\/#breadcrumb","itemListElement":[{"@type":"ListItem","position":1,"name":"Portada","item":"https:\/\/gersofontaneria.es\/"},{"@type":"ListItem","position":2,"name":"Servicios","item":"https:\/\/gersofontaneria.es\/servicios\/"},{"@type":"ListItem","position":3,"name":"Mantenimiento de casas rurales"}]},{"@type":"WebSite","@id":"https:\/\/gersofontaneria.es\/#website","url":"https:\/\/gersofontaneria.es\/","name":"Gerso Fontaneria","description":"Servicios de fontaneria Alcal\u00e1 la Real -Jaen","publisher":{"@id":"https:\/\/gersofontaneria.es\/#organization"},"potentialAction":[{"@type":"SearchAction","target":{"@type":"EntryPoint","urlTemplate":"https:\/\/gersofontaneria.es\/?s={search_term_string}"},"query-input":"required name=search_term_string"}],"inLanguage":"en-GB"},{"@type":"Organization","@id":"https:\/\/gersofontaneria.es\/#organization","name":"gersofontaneria","url":"https:\/\/gersofontaneria.es\/","logo":{"@type":"ImageObject","inLanguage":"en-GB","@id":"https:\/\/gersofontaneria.es\/#\/schema\/logo\/image\/","url":"https:\/\/gersofontaneria.es\/wp-content\/uploads\/2023\/02\/LOGO-VECTORIAL-1.svg","contentUrl":"https:\/\/gersofontaneria.es\/wp-content\/uploads\/2023\/02\/LOGO-VECTORIAL-1.svg","width":592,"height":377,"caption":"gersofontaneria"},"image":{"@id":"https:\/\/gersofontaneria.es\/#\/schema\/logo\/image\/"}}]}},"_links":{"self":[{"href":"https:\/\/gersofontaneria.es\/en\/wp-json\/wp\/v2\/pages\/161","targetHints":{"allow":["GET"]}}],"collection":[{"href":"https:\/\/gersofontaneria.es\/en\/wp-json\/wp\/v2\/pages"}],"about":[{"href":"https:\/\/gersofontaneria.es\/en\/wp-json\/wp\/v2\/types\/page"}],"author":[{"embeddable":true,"href":"https:\/\/gersofontaneria.es\/en\/wp-json\/wp\/v2\/users\/1"}],"replies":[{"embeddable":true,"href":"https:\/\/gersofontaneria.es\/en\/wp-json\/wp\/v2\/comments?post=161"}],"version-history":[{"count":7,"href":"https:\/\/gersofontaneria.es\/en\/wp-json\/wp\/v2\/pages\/161\/revisions"}],"predecessor-version":[{"id":317,"href":"https:\/\/gersofontaneria.es\/en\/wp-json\/wp\/v2\/pages\/161\/revisions\/317"}],"up":[{"embeddable":true,"href":"https:\/\/gersofontaneria.es\/en\/wp-json\/wp\/v2\/pages\/150"}],"wp:attachment":[{"href":"https:\/\/gersofontaneria.es\/en\/wp-json\/wp\/v2\/media?parent=161"}],"curies":[{"name":"wp","href":"https:\/\/api.w.org\/{rel}","templated":true}]}}