{"id":3,"date":"2023-01-17T11:56:39","date_gmt":"2023-01-17T11:56:39","guid":{"rendered":"https:\/\/gersofontaneria.es\/?page_id=3"},"modified":"2023-02-17T08:51:24","modified_gmt":"2023-02-17T08:51:24","slug":"politica-de-privacidad","status":"publish","type":"page","link":"https:\/\/gersofontaneria.es\/en\/politica-de-privacidad\/","title":{"rendered":"Politica de privacidad"},"content":{"rendered":"<h2 class=\"wp-block-heading\">POL\u00cdTICA DE PRIVACIDAD<\/h2>\r\n<p>Se informa que los datos personales que pudiera contener este documento y facilitados por ud.<\/p>\r\n<p>Han sido incorporados para el tratamiento denominado CLIENTES cuyo responsable es MIGUEL GERMAN LINARES MONTES PARAJE DEHESILLA, N\u00ba 132 BUZON 7 23680 ALCALA LA REAL (JAEN).<\/p>\r\n<p>La direcci\u00f3n de nuestro sitio web es: https:\/\/gersofontaneria.es.<\/p>\r\n<p><br \/>La finalidad del tratamiento es la gesti\u00f3n de la relaci\u00f3n comercial, econ\u00f3mica y administrativa con los clientes y sus aplicadores autorizados, cuya base legal es la <br \/>ejecuci\u00f3n de un contrato, en el ejercicio de la actividad del responsable.<\/p>\r\n<p>Que, para el cumplimiento de la finalidad, o por exigencias legales sus datos personales podr\u00e1n<br \/>ser cedidos o comunicados a organismos e instituciones p\u00fablicas. Asesor\u00eda Fiscal y Contable.<\/p>\r\n<p>Que el plazo para la supresi\u00f3n de mis datos personales ser\u00e1 el previsto<br \/>por la legislaci\u00f3n fiscal respecto a la prescripci\u00f3n de responsabilidades.<\/p>\r\n<p>Tambi\u00e9n se le informa del derecho de solicitar al responsable del tratamiento al acceso a los <br \/>datos personales relativos a ud. y su rectificaci\u00f3n o supresi\u00f3n, o limitaci\u00f3n de su tratamiento, o aponerse al tratamiento y a presentar una reclamaci\u00f3n ante una autoridad<br \/>de control.<\/p>","protected":false},"excerpt":{"rendered":"<p>POL\u00cdTICA DE PRIVACIDAD Se informa que los datos personales que pudiera contener este documento y facilitados por ud. Han sido incorporados para el tratamiento denominado CLIENTES cuyo responsable es MIGUEL GERMAN LINARES MONTES PARAJE DEHESILLA, N\u00ba 132 BUZON 7 23680 ALCALA LA REAL (JAEN). La direcci\u00f3n de nuestro sitio web es: https:\/\/gersofontaneria.es. La finalidad del&hellip;&nbsp;<a href=\"https:\/\/gersofontaneria.es\/en\/politica-de-privacidad\/\" class=\"\" rel=\"bookmark\">Read More &raquo;<span class=\"screen-reader-text\">Politica de privacidad<\/span><\/a><\/p>","protected":false},"author":1,"featured_media":0,"parent":0,"menu_order":0,"comment_status":"closed","ping_status":"closed","template":"","meta":{"neve_meta_sidebar":"","neve_meta_container":"","neve_meta_enable_content_width":"off","neve_meta_content_width":100,"neve_meta_title_alignment":"","neve_meta_author_avatar":"","neve_post_elements_order":"","neve_meta_disable_header":"","neve_meta_disable_footer":"","neve_meta_disable_title":"","_ti_tpc_template_sync":false,"_ti_tpc_template_id":"","footnotes":""},"class_list":["post-3","page","type-page","status-publish","hentry"],"yoast_head":"<!-- This site is optimized with the Yoast SEO plugin v23.1 - https:\/\/yoast.com\/wordpress\/plugins\/seo\/ -->\n<title>Politica de privacidad - Gersofontaneria<\/title>\n<meta name=\"robots\" content=\"index, follow, max-snippet:-1, max-image-preview:large, max-video-preview:-1\" \/>\n<link rel=\"canonical\" href=\"https:\/\/gersofontaneria.es\/en\/politica-de-privacidad\/\" \/>\n<meta property=\"og:locale\" content=\"en_GB\" \/>\n<meta property=\"og:type\" content=\"article\" \/>\n<meta property=\"og:title\" content=\"Politica de privacidad - Gersofontaneria\" \/>\n<meta property=\"og:description\" content=\"POL\u00cdTICA DE PRIVACIDAD Se informa que los datos personales que pudiera contener este documento y facilitados por ud. Han sido incorporados para el tratamiento denominado CLIENTES cuyo responsable es MIGUEL GERMAN LINARES MONTES PARAJE DEHESILLA, N\u00ba 132 BUZON 7 23680 ALCALA LA REAL (JAEN). La direcci\u00f3n de nuestro sitio web es: https:\/\/gersofontaneria.es. La finalidad del&hellip;&nbsp;Read More &raquo;Politica de privacidad\" \/>\n<meta property=\"og:url\" content=\"https:\/\/gersofontaneria.es\/en\/politica-de-privacidad\/\" \/>\n<meta property=\"og:site_name\" content=\"Gersofontaneria\" \/>\n<meta property=\"article:modified_time\" content=\"2023-02-17T08:51:24+00:00\" \/>\n<meta name=\"twitter:card\" content=\"summary_large_image\" \/>\n<meta name=\"twitter:label1\" content=\"Estimated reading time\" \/>\n\t<meta name=\"twitter:data1\" content=\"1 minute\" \/>\n<script type=\"application\/ld+json\" class=\"yoast-schema-graph\">{\"@context\":\"https:\/\/schema.org\",\"@graph\":[{\"@type\":\"WebPage\",\"@id\":\"https:\/\/gersofontaneria.es\/politica-de-privacidad\/\",\"url\":\"https:\/\/gersofontaneria.es\/politica-de-privacidad\/\",\"name\":\"Politica de privacidad - Gersofontaneria\",\"isPartOf\":{\"@id\":\"https:\/\/gersofontaneria.es\/#website\"},\"datePublished\":\"2023-01-17T11:56:39+00:00\",\"dateModified\":\"2023-02-17T08:51:24+00:00\",\"breadcrumb\":{\"@id\":\"https:\/\/gersofontaneria.es\/politica-de-privacidad\/#breadcrumb\"},\"inLanguage\":\"en-GB\",\"potentialAction\":[{\"@type\":\"ReadAction\",\"target\":[\"https:\/\/gersofontaneria.es\/politica-de-privacidad\/\"]}]},{\"@type\":\"BreadcrumbList\",\"@id\":\"https:\/\/gersofontaneria.es\/politica-de-privacidad\/#breadcrumb\",\"itemListElement\":[{\"@type\":\"ListItem\",\"position\":1,\"name\":\"Portada\",\"item\":\"https:\/\/gersofontaneria.es\/\"},{\"@type\":\"ListItem\",\"position\":2,\"name\":\"Politica de privacidad\"}]},{\"@type\":\"WebSite\",\"@id\":\"https:\/\/gersofontaneria.es\/#website\",\"url\":\"https:\/\/gersofontaneria.es\/\",\"name\":\"Gerso Fontaneria\",\"description\":\"Servicios de fontaneria Alcal\u00e1 la Real -Jaen\",\"publisher\":{\"@id\":\"https:\/\/gersofontaneria.es\/#organization\"},\"potentialAction\":[{\"@type\":\"SearchAction\",\"target\":{\"@type\":\"EntryPoint\",\"urlTemplate\":\"https:\/\/gersofontaneria.es\/?s={search_term_string}\"},\"query-input\":\"required name=search_term_string\"}],\"inLanguage\":\"en-GB\"},{\"@type\":\"Organization\",\"@id\":\"https:\/\/gersofontaneria.es\/#organization\",\"name\":\"gersofontaneria\",\"url\":\"https:\/\/gersofontaneria.es\/\",\"logo\":{\"@type\":\"ImageObject\",\"inLanguage\":\"en-GB\",\"@id\":\"https:\/\/gersofontaneria.es\/#\/schema\/logo\/image\/\",\"url\":\"https:\/\/gersofontaneria.es\/wp-content\/uploads\/2023\/02\/LOGO-VECTORIAL-1.svg\",\"contentUrl\":\"https:\/\/gersofontaneria.es\/wp-content\/uploads\/2023\/02\/LOGO-VECTORIAL-1.svg\",\"width\":592,\"height\":377,\"caption\":\"gersofontaneria\"},\"image\":{\"@id\":\"https:\/\/gersofontaneria.es\/#\/schema\/logo\/image\/\"}}]}<\/script>\n<!-- \/ Yoast SEO plugin. -->","yoast_head_json":{"title":"Politica de privacidad - Gersofontaneria","robots":{"index":"index","follow":"follow","max-snippet":"max-snippet:-1","max-image-preview":"max-image-preview:large","max-video-preview":"max-video-preview:-1"},"canonical":"https:\/\/gersofontaneria.es\/en\/politica-de-privacidad\/","og_locale":"en_GB","og_type":"article","og_title":"Politica de privacidad - Gersofontaneria","og_description":"POL\u00cdTICA DE PRIVACIDAD Se informa que los datos personales que pudiera contener este documento y facilitados por ud. Han sido incorporados para el tratamiento denominado CLIENTES cuyo responsable es MIGUEL GERMAN LINARES MONTES PARAJE DEHESILLA, N\u00ba 132 BUZON 7 23680 ALCALA LA REAL (JAEN). La direcci\u00f3n de nuestro sitio web es: https:\/\/gersofontaneria.es. La finalidad del&hellip;&nbsp;Read More &raquo;Politica de privacidad","og_url":"https:\/\/gersofontaneria.es\/en\/politica-de-privacidad\/","og_site_name":"Gersofontaneria","article_modified_time":"2023-02-17T08:51:24+00:00","twitter_card":"summary_large_image","twitter_misc":{"Estimated reading time":"1 minute"},"schema":{"@context":"https:\/\/schema.org","@graph":[{"@type":"WebPage","@id":"https:\/\/gersofontaneria.es\/politica-de-privacidad\/","url":"https:\/\/gersofontaneria.es\/politica-de-privacidad\/","name":"Politica de privacidad - Gersofontaneria","isPartOf":{"@id":"https:\/\/gersofontaneria.es\/#website"},"datePublished":"2023-01-17T11:56:39+00:00","dateModified":"2023-02-17T08:51:24+00:00","breadcrumb":{"@id":"https:\/\/gersofontaneria.es\/politica-de-privacidad\/#breadcrumb"},"inLanguage":"en-GB","potentialAction":[{"@type":"ReadAction","target":["https:\/\/gersofontaneria.es\/politica-de-privacidad\/"]}]},{"@type":"BreadcrumbList","@id":"https:\/\/gersofontaneria.es\/politica-de-privacidad\/#breadcrumb","itemListElement":[{"@type":"ListItem","position":1,"name":"Portada","item":"https:\/\/gersofontaneria.es\/"},{"@type":"ListItem","position":2,"name":"Politica de privacidad"}]},{"@type":"WebSite","@id":"https:\/\/gersofontaneria.es\/#website","url":"https:\/\/gersofontaneria.es\/","name":"Gerso Fontaneria","description":"Servicios de fontaneria Alcal\u00e1 la Real -Jaen","publisher":{"@id":"https:\/\/gersofontaneria.es\/#organization"},"potentialAction":[{"@type":"SearchAction","target":{"@type":"EntryPoint","urlTemplate":"https:\/\/gersofontaneria.es\/?s={search_term_string}"},"query-input":"required name=search_term_string"}],"inLanguage":"en-GB"},{"@type":"Organization","@id":"https:\/\/gersofontaneria.es\/#organization","name":"gersofontaneria","url":"https:\/\/gersofontaneria.es\/","logo":{"@type":"ImageObject","inLanguage":"en-GB","@id":"https:\/\/gersofontaneria.es\/#\/schema\/logo\/image\/","url":"https:\/\/gersofontaneria.es\/wp-content\/uploads\/2023\/02\/LOGO-VECTORIAL-1.svg","contentUrl":"https:\/\/gersofontaneria.es\/wp-content\/uploads\/2023\/02\/LOGO-VECTORIAL-1.svg","width":592,"height":377,"caption":"gersofontaneria"},"image":{"@id":"https:\/\/gersofontaneria.es\/#\/schema\/logo\/image\/"}}]}},"_links":{"self":[{"href":"https:\/\/gersofontaneria.es\/en\/wp-json\/wp\/v2\/pages\/3","targetHints":{"allow":["GET"]}}],"collection":[{"href":"https:\/\/gersofontaneria.es\/en\/wp-json\/wp\/v2\/pages"}],"about":[{"href":"https:\/\/gersofontaneria.es\/en\/wp-json\/wp\/v2\/types\/page"}],"author":[{"embeddable":true,"href":"https:\/\/gersofontaneria.es\/en\/wp-json\/wp\/v2\/users\/1"}],"replies":[{"embeddable":true,"href":"https:\/\/gersofontaneria.es\/en\/wp-json\/wp\/v2\/comments?post=3"}],"version-history":[{"count":3,"href":"https:\/\/gersofontaneria.es\/en\/wp-json\/wp\/v2\/pages\/3\/revisions"}],"predecessor-version":[{"id":232,"href":"https:\/\/gersofontaneria.es\/en\/wp-json\/wp\/v2\/pages\/3\/revisions\/232"}],"wp:attachment":[{"href":"https:\/\/gersofontaneria.es\/en\/wp-json\/wp\/v2\/media?parent=3"}],"curies":[{"name":"wp","href":"https:\/\/api.w.org\/{rel}","templated":true}]}}