{"id":390,"date":"2023-02-17T11:34:55","date_gmt":"2023-02-17T11:34:55","guid":{"rendered":"https:\/\/gersofontaneria.es\/?page_id=390"},"modified":"2023-02-17T13:08:19","modified_gmt":"2023-02-17T13:08:19","slug":"limpieza-de-piscinas","status":"publish","type":"page","link":"https:\/\/gersofontaneria.es\/en\/servicios\/piscinas\/limpieza-de-piscinas\/","title":{"rendered":"Limpieza de piscinas"},"content":{"rendered":"<div data-elementor-type=\"wp-page\" data-elementor-id=\"390\" class=\"elementor elementor-390\">\n\t\t\t\t\t\t<section class=\"elementor-section elementor-top-section elementor-element elementor-element-2f0cf4b9 elementor-section-height-min-height elementor-section-boxed elementor-section-height-default elementor-section-items-middle\" data-id=\"2f0cf4b9\" data-element_type=\"section\" data-settings=\"{&quot;background_background&quot;:&quot;classic&quot;}\">\n\t\t\t\t\t\t<div class=\"elementor-container elementor-column-gap-default\">\n\t\t\t\t\t<div class=\"elementor-column elementor-col-100 elementor-top-column elementor-element elementor-element-6c56ab48\" data-id=\"6c56ab48\" data-element_type=\"column\">\n\t\t\t<div class=\"elementor-widget-wrap elementor-element-populated\">\n\t\t\t\t\t\t<div class=\"elementor-element elementor-element-5776febc elementor-widget elementor-widget-heading\" data-id=\"5776febc\" data-element_type=\"widget\" data-widget_type=\"heading.default\">\n\t\t\t\t<div class=\"elementor-widget-container\">\n\t\t\t\t\t<h1 class=\"elementor-heading-title elementor-size-xl\">Limpieza de Piscinas <\/h1>\t\t\t\t<\/div>\n\t\t\t\t<\/div>\n\t\t\t\t\t<\/div>\n\t\t<\/div>\n\t\t\t\t\t<\/div>\n\t\t<\/section>\n\t\t\t\t<section class=\"elementor-section elementor-top-section elementor-element elementor-element-2498c2c elementor-section-boxed elementor-section-height-default elementor-section-height-default\" data-id=\"2498c2c\" data-element_type=\"section\">\n\t\t\t\t\t\t<div class=\"elementor-container elementor-column-gap-default\">\n\t\t\t\t\t<div class=\"elementor-column elementor-col-100 elementor-top-column elementor-element elementor-element-58bc7fc6\" data-id=\"58bc7fc6\" data-element_type=\"column\">\n\t\t\t<div class=\"elementor-widget-wrap elementor-element-populated\">\n\t\t\t\t\t\t<div class=\"elementor-element elementor-element-c912ed0 elementor-widget elementor-widget-spacer\" data-id=\"c912ed0\" data-element_type=\"widget\" data-widget_type=\"spacer.default\">\n\t\t\t\t<div class=\"elementor-widget-container\">\n\t\t\t\t\t\t\t<div class=\"elementor-spacer\">\n\t\t\t<div class=\"elementor-spacer-inner\"><\/div>\n\t\t<\/div>\n\t\t\t\t\t\t<\/div>\n\t\t\t\t<\/div>\n\t\t\t\t\t<\/div>\n\t\t<\/div>\n\t\t\t\t\t<\/div>\n\t\t<\/section>\n\t\t\t\t<section class=\"elementor-section elementor-top-section elementor-element elementor-element-752b3cbc elementor-section-boxed elementor-section-height-default elementor-section-height-default\" data-id=\"752b3cbc\" data-element_type=\"section\">\n\t\t\t\t\t\t<div class=\"elementor-container elementor-column-gap-default\">\n\t\t\t\t\t<div class=\"elementor-column elementor-col-50 elementor-top-column elementor-element elementor-element-6a2bd312\" data-id=\"6a2bd312\" data-element_type=\"column\">\n\t\t\t<div class=\"elementor-widget-wrap elementor-element-populated\">\n\t\t\t\t\t\t<div class=\"elementor-element elementor-element-5570a894 elementor-widget elementor-widget-heading\" data-id=\"5570a894\" data-element_type=\"widget\" data-widget_type=\"heading.default\">\n\t\t\t\t<div class=\"elementor-widget-container\">\n\t\t\t\t\t<h3 class=\"elementor-heading-title elementor-size-large\">Limpiezas de Piscinas<\/h3>\t\t\t\t<\/div>\n\t\t\t\t<\/div>\n\t\t\t\t<div class=\"elementor-element elementor-element-f0099a3 elementor-widget elementor-widget-text-editor\" data-id=\"f0099a3\" data-element_type=\"widget\" data-widget_type=\"text-editor.default\">\n\t\t\t\t<div class=\"elementor-widget-container\">\n\t\t\t\t\t\t\t\t\t<p>La limpieza de piscinas es un proceso importante para mantener la calidad del agua, prevenir la acumulaci\u00f3n de algas y otros microorganismos, y prolongar la vida \u00fatil de la piscina y sus componentes.<\/p><p>Es recomendable hacer una limpieza de la piscina al menos una vez por semana durante la temporada de ba\u00f1o, y con mayor frecuencia si la piscina se utiliza con mucha frecuencia. Tambi\u00e9n es importante seguir las recomendaciones del fabricante de la piscina y de los productos qu\u00edmicos para asegurarse de que la limpieza de la piscina se haga de manera efectiva y segura<\/p>\t\t\t\t\t\t\t\t<\/div>\n\t\t\t\t<\/div>\n\t\t\t\t\t<\/div>\n\t\t<\/div>\n\t\t\t\t<div class=\"elementor-column elementor-col-50 elementor-top-column elementor-element elementor-element-2a8469e7\" data-id=\"2a8469e7\" data-element_type=\"column\">\n\t\t\t<div class=\"elementor-widget-wrap elementor-element-populated\">\n\t\t\t\t\t\t<div class=\"elementor-element elementor-element-20408ac elementor-widget elementor-widget-image\" data-id=\"20408ac\" data-element_type=\"widget\" data-widget_type=\"image.default\">\n\t\t\t\t<div class=\"elementor-widget-container\">\n\t\t\t\t\t\t\t\t\t\t\t\t\t\t\t<img fetchpriority=\"high\" decoding=\"async\" width=\"1000\" height=\"667\" src=\"https:\/\/gersofontaneria.es\/wp-content\/uploads\/2023\/02\/piscinas-2.jpeg\" class=\"attachment-large size-large wp-image-67\" alt=\"\" srcset=\"https:\/\/gersofontaneria.es\/wp-content\/uploads\/2023\/02\/piscinas-2.jpeg 1000w, https:\/\/gersofontaneria.es\/wp-content\/uploads\/2023\/02\/piscinas-2-300x200.jpeg 300w, https:\/\/gersofontaneria.es\/wp-content\/uploads\/2023\/02\/piscinas-2-768x512.jpeg 768w, https:\/\/gersofontaneria.es\/wp-content\/uploads\/2023\/02\/piscinas-2-18x12.jpeg 18w, https:\/\/gersofontaneria.es\/wp-content\/uploads\/2023\/02\/piscinas-2-930x620.jpeg 930w\" sizes=\"(max-width: 1000px) 100vw, 1000px\" \/>\t\t\t\t\t\t\t\t\t\t\t\t\t\t\t<\/div>\n\t\t\t\t<\/div>\n\t\t\t\t\t<\/div>\n\t\t<\/div>\n\t\t\t\t\t<\/div>\n\t\t<\/section>\n\t\t\t\t<\/div>","protected":false},"excerpt":{"rendered":"<p>Limpieza de Piscinas Limpiezas de Piscinas La limpieza de piscinas es un proceso importante para mantener la calidad del agua, prevenir la acumulaci\u00f3n de algas y otros microorganismos, y prolongar la vida \u00fatil de la piscina y sus componentes. Es recomendable hacer una limpieza de la piscina al menos una vez por semana durante la&hellip;&nbsp;<a href=\"https:\/\/gersofontaneria.es\/en\/servicios\/piscinas\/limpieza-de-piscinas\/\" class=\"\" rel=\"bookmark\">Read More &raquo;<span class=\"screen-reader-text\">Limpieza de piscinas<\/span><\/a><\/p>","protected":false},"author":1,"featured_media":0,"parent":155,"menu_order":0,"comment_status":"closed","ping_status":"closed","template":"elementor_header_footer","meta":{"neve_meta_sidebar":"","neve_meta_container":"","neve_meta_enable_content_width":"off","neve_meta_content_width":100,"neve_meta_title_alignment":"","neve_meta_author_avatar":"","neve_post_elements_order":"","neve_meta_disable_header":"","neve_meta_disable_footer":"","neve_meta_disable_title":"","_ti_tpc_template_sync":false,"_ti_tpc_template_id":"","footnotes":""},"class_list":["post-390","page","type-page","status-publish","hentry"],"yoast_head":"<!-- This site is optimized with the Yoast SEO plugin v23.1 - https:\/\/yoast.com\/wordpress\/plugins\/seo\/ -->\n<title>Limpieza de piscinas - Gersofontaneria<\/title>\n<meta name=\"robots\" content=\"index, follow, max-snippet:-1, max-image-preview:large, max-video-preview:-1\" \/>\n<link rel=\"canonical\" href=\"https:\/\/gersofontaneria.es\/en\/servicios\/piscinas\/limpieza-de-piscinas\/\" \/>\n<meta property=\"og:locale\" content=\"en_GB\" \/>\n<meta property=\"og:type\" content=\"article\" \/>\n<meta property=\"og:title\" content=\"Limpieza de piscinas - Gersofontaneria\" \/>\n<meta property=\"og:description\" content=\"Limpieza de Piscinas Limpiezas de Piscinas La limpieza de piscinas es un proceso importante para mantener la calidad del agua, prevenir la acumulaci\u00f3n de algas y otros microorganismos, y prolongar la vida \u00fatil de la piscina y sus componentes. Es recomendable hacer una limpieza de la piscina al menos una vez por semana durante la&hellip;&nbsp;Read More &raquo;Limpieza de piscinas\" \/>\n<meta property=\"og:url\" content=\"https:\/\/gersofontaneria.es\/en\/servicios\/piscinas\/limpieza-de-piscinas\/\" \/>\n<meta property=\"og:site_name\" content=\"Gersofontaneria\" \/>\n<meta property=\"article:modified_time\" content=\"2023-02-17T13:08:19+00:00\" \/>\n<meta property=\"og:image\" content=\"https:\/\/gersofontaneria.es\/wp-content\/uploads\/2023\/02\/piscinas-2.jpeg\" \/>\n<meta name=\"twitter:card\" content=\"summary_large_image\" \/>\n<meta name=\"twitter:label1\" content=\"Estimated reading time\" \/>\n\t<meta name=\"twitter:data1\" content=\"1 minute\" \/>\n<script type=\"application\/ld+json\" class=\"yoast-schema-graph\">{\"@context\":\"https:\/\/schema.org\",\"@graph\":[{\"@type\":\"WebPage\",\"@id\":\"https:\/\/gersofontaneria.es\/servicios\/piscinas\/limpieza-de-piscinas\/\",\"url\":\"https:\/\/gersofontaneria.es\/servicios\/piscinas\/limpieza-de-piscinas\/\",\"name\":\"Limpieza de piscinas - Gersofontaneria\",\"isPartOf\":{\"@id\":\"https:\/\/gersofontaneria.es\/#website\"},\"primaryImageOfPage\":{\"@id\":\"https:\/\/gersofontaneria.es\/servicios\/piscinas\/limpieza-de-piscinas\/#primaryimage\"},\"image\":{\"@id\":\"https:\/\/gersofontaneria.es\/servicios\/piscinas\/limpieza-de-piscinas\/#primaryimage\"},\"thumbnailUrl\":\"https:\/\/gersofontaneria.es\/wp-content\/uploads\/2023\/02\/piscinas-2.jpeg\",\"datePublished\":\"2023-02-17T11:34:55+00:00\",\"dateModified\":\"2023-02-17T13:08:19+00:00\",\"breadcrumb\":{\"@id\":\"https:\/\/gersofontaneria.es\/servicios\/piscinas\/limpieza-de-piscinas\/#breadcrumb\"},\"inLanguage\":\"en-GB\",\"potentialAction\":[{\"@type\":\"ReadAction\",\"target\":[\"https:\/\/gersofontaneria.es\/servicios\/piscinas\/limpieza-de-piscinas\/\"]}]},{\"@type\":\"ImageObject\",\"inLanguage\":\"en-GB\",\"@id\":\"https:\/\/gersofontaneria.es\/servicios\/piscinas\/limpieza-de-piscinas\/#primaryimage\",\"url\":\"https:\/\/gersofontaneria.es\/wp-content\/uploads\/2023\/02\/piscinas-2.jpeg\",\"contentUrl\":\"https:\/\/gersofontaneria.es\/wp-content\/uploads\/2023\/02\/piscinas-2.jpeg\"},{\"@type\":\"BreadcrumbList\",\"@id\":\"https:\/\/gersofontaneria.es\/servicios\/piscinas\/limpieza-de-piscinas\/#breadcrumb\",\"itemListElement\":[{\"@type\":\"ListItem\",\"position\":1,\"name\":\"Portada\",\"item\":\"https:\/\/gersofontaneria.es\/\"},{\"@type\":\"ListItem\",\"position\":2,\"name\":\"Servicios\",\"item\":\"https:\/\/gersofontaneria.es\/servicios\/\"},{\"@type\":\"ListItem\",\"position\":3,\"name\":\"Piscinas\",\"item\":\"https:\/\/gersofontaneria.es\/servicios\/piscinas\/\"},{\"@type\":\"ListItem\",\"position\":4,\"name\":\"Limpieza de piscinas\"}]},{\"@type\":\"WebSite\",\"@id\":\"https:\/\/gersofontaneria.es\/#website\",\"url\":\"https:\/\/gersofontaneria.es\/\",\"name\":\"Gerso Fontaneria\",\"description\":\"Servicios de fontaneria Alcal\u00e1 la Real -Jaen\",\"publisher\":{\"@id\":\"https:\/\/gersofontaneria.es\/#organization\"},\"potentialAction\":[{\"@type\":\"SearchAction\",\"target\":{\"@type\":\"EntryPoint\",\"urlTemplate\":\"https:\/\/gersofontaneria.es\/?s={search_term_string}\"},\"query-input\":\"required name=search_term_string\"}],\"inLanguage\":\"en-GB\"},{\"@type\":\"Organization\",\"@id\":\"https:\/\/gersofontaneria.es\/#organization\",\"name\":\"gersofontaneria\",\"url\":\"https:\/\/gersofontaneria.es\/\",\"logo\":{\"@type\":\"ImageObject\",\"inLanguage\":\"en-GB\",\"@id\":\"https:\/\/gersofontaneria.es\/#\/schema\/logo\/image\/\",\"url\":\"https:\/\/gersofontaneria.es\/wp-content\/uploads\/2023\/02\/LOGO-VECTORIAL-1.svg\",\"contentUrl\":\"https:\/\/gersofontaneria.es\/wp-content\/uploads\/2023\/02\/LOGO-VECTORIAL-1.svg\",\"width\":592,\"height\":377,\"caption\":\"gersofontaneria\"},\"image\":{\"@id\":\"https:\/\/gersofontaneria.es\/#\/schema\/logo\/image\/\"}}]}<\/script>\n<!-- \/ Yoast SEO plugin. -->","yoast_head_json":{"title":"Limpieza de piscinas - Gersofontaneria","robots":{"index":"index","follow":"follow","max-snippet":"max-snippet:-1","max-image-preview":"max-image-preview:large","max-video-preview":"max-video-preview:-1"},"canonical":"https:\/\/gersofontaneria.es\/en\/servicios\/piscinas\/limpieza-de-piscinas\/","og_locale":"en_GB","og_type":"article","og_title":"Limpieza de piscinas - Gersofontaneria","og_description":"Limpieza de Piscinas Limpiezas de Piscinas La limpieza de piscinas es un proceso importante para mantener la calidad del agua, prevenir la acumulaci\u00f3n de algas y otros microorganismos, y prolongar la vida \u00fatil de la piscina y sus componentes. Es recomendable hacer una limpieza de la piscina al menos una vez por semana durante la&hellip;&nbsp;Read More &raquo;Limpieza de piscinas","og_url":"https:\/\/gersofontaneria.es\/en\/servicios\/piscinas\/limpieza-de-piscinas\/","og_site_name":"Gersofontaneria","article_modified_time":"2023-02-17T13:08:19+00:00","og_image":[{"url":"https:\/\/gersofontaneria.es\/wp-content\/uploads\/2023\/02\/piscinas-2.jpeg"}],"twitter_card":"summary_large_image","twitter_misc":{"Estimated reading time":"1 minute"},"schema":{"@context":"https:\/\/schema.org","@graph":[{"@type":"WebPage","@id":"https:\/\/gersofontaneria.es\/servicios\/piscinas\/limpieza-de-piscinas\/","url":"https:\/\/gersofontaneria.es\/servicios\/piscinas\/limpieza-de-piscinas\/","name":"Limpieza de piscinas - Gersofontaneria","isPartOf":{"@id":"https:\/\/gersofontaneria.es\/#website"},"primaryImageOfPage":{"@id":"https:\/\/gersofontaneria.es\/servicios\/piscinas\/limpieza-de-piscinas\/#primaryimage"},"image":{"@id":"https:\/\/gersofontaneria.es\/servicios\/piscinas\/limpieza-de-piscinas\/#primaryimage"},"thumbnailUrl":"https:\/\/gersofontaneria.es\/wp-content\/uploads\/2023\/02\/piscinas-2.jpeg","datePublished":"2023-02-17T11:34:55+00:00","dateModified":"2023-02-17T13:08:19+00:00","breadcrumb":{"@id":"https:\/\/gersofontaneria.es\/servicios\/piscinas\/limpieza-de-piscinas\/#breadcrumb"},"inLanguage":"en-GB","potentialAction":[{"@type":"ReadAction","target":["https:\/\/gersofontaneria.es\/servicios\/piscinas\/limpieza-de-piscinas\/"]}]},{"@type":"ImageObject","inLanguage":"en-GB","@id":"https:\/\/gersofontaneria.es\/servicios\/piscinas\/limpieza-de-piscinas\/#primaryimage","url":"https:\/\/gersofontaneria.es\/wp-content\/uploads\/2023\/02\/piscinas-2.jpeg","contentUrl":"https:\/\/gersofontaneria.es\/wp-content\/uploads\/2023\/02\/piscinas-2.jpeg"},{"@type":"BreadcrumbList","@id":"https:\/\/gersofontaneria.es\/servicios\/piscinas\/limpieza-de-piscinas\/#breadcrumb","itemListElement":[{"@type":"ListItem","position":1,"name":"Portada","item":"https:\/\/gersofontaneria.es\/"},{"@type":"ListItem","position":2,"name":"Servicios","item":"https:\/\/gersofontaneria.es\/servicios\/"},{"@type":"ListItem","position":3,"name":"Piscinas","item":"https:\/\/gersofontaneria.es\/servicios\/piscinas\/"},{"@type":"ListItem","position":4,"name":"Limpieza de piscinas"}]},{"@type":"WebSite","@id":"https:\/\/gersofontaneria.es\/#website","url":"https:\/\/gersofontaneria.es\/","name":"Gerso Fontaneria","description":"Servicios de fontaneria Alcal\u00e1 la Real -Jaen","publisher":{"@id":"https:\/\/gersofontaneria.es\/#organization"},"potentialAction":[{"@type":"SearchAction","target":{"@type":"EntryPoint","urlTemplate":"https:\/\/gersofontaneria.es\/?s={search_term_string}"},"query-input":"required name=search_term_string"}],"inLanguage":"en-GB"},{"@type":"Organization","@id":"https:\/\/gersofontaneria.es\/#organization","name":"gersofontaneria","url":"https:\/\/gersofontaneria.es\/","logo":{"@type":"ImageObject","inLanguage":"en-GB","@id":"https:\/\/gersofontaneria.es\/#\/schema\/logo\/image\/","url":"https:\/\/gersofontaneria.es\/wp-content\/uploads\/2023\/02\/LOGO-VECTORIAL-1.svg","contentUrl":"https:\/\/gersofontaneria.es\/wp-content\/uploads\/2023\/02\/LOGO-VECTORIAL-1.svg","width":592,"height":377,"caption":"gersofontaneria"},"image":{"@id":"https:\/\/gersofontaneria.es\/#\/schema\/logo\/image\/"}}]}},"_links":{"self":[{"href":"https:\/\/gersofontaneria.es\/en\/wp-json\/wp\/v2\/pages\/390","targetHints":{"allow":["GET"]}}],"collection":[{"href":"https:\/\/gersofontaneria.es\/en\/wp-json\/wp\/v2\/pages"}],"about":[{"href":"https:\/\/gersofontaneria.es\/en\/wp-json\/wp\/v2\/types\/page"}],"author":[{"embeddable":true,"href":"https:\/\/gersofontaneria.es\/en\/wp-json\/wp\/v2\/users\/1"}],"replies":[{"embeddable":true,"href":"https:\/\/gersofontaneria.es\/en\/wp-json\/wp\/v2\/comments?post=390"}],"version-history":[{"count":7,"href":"https:\/\/gersofontaneria.es\/en\/wp-json\/wp\/v2\/pages\/390\/revisions"}],"predecessor-version":[{"id":481,"href":"https:\/\/gersofontaneria.es\/en\/wp-json\/wp\/v2\/pages\/390\/revisions\/481"}],"up":[{"embeddable":true,"href":"https:\/\/gersofontaneria.es\/en\/wp-json\/wp\/v2\/pages\/155"}],"wp:attachment":[{"href":"https:\/\/gersofontaneria.es\/en\/wp-json\/wp\/v2\/media?parent=390"}],"curies":[{"name":"wp","href":"https:\/\/api.w.org\/{rel}","templated":true}]}}