{"id":392,"date":"2023-02-17T11:35:36","date_gmt":"2023-02-17T11:35:36","guid":{"rendered":"https:\/\/gersofontaneria.es\/?page_id=392"},"modified":"2023-02-17T13:08:37","modified_gmt":"2023-02-17T13:08:37","slug":"mantenimiento-de-piscinas-de-maxima-calidad","status":"publish","type":"page","link":"https:\/\/gersofontaneria.es\/en\/servicios\/piscinas\/mantenimiento-de-piscinas-de-maxima-calidad\/","title":{"rendered":"Mantenimiento de piscinas de m\u00e1xima calidad"},"content":{"rendered":"<div data-elementor-type=\"wp-page\" data-elementor-id=\"392\" class=\"elementor elementor-392\">\n\t\t\t\t\t\t<section class=\"elementor-section elementor-top-section elementor-element elementor-element-358ba5d4 elementor-section-height-min-height elementor-section-boxed elementor-section-height-default elementor-section-items-middle\" data-id=\"358ba5d4\" data-element_type=\"section\" data-settings=\"{&quot;background_background&quot;:&quot;classic&quot;}\">\n\t\t\t\t\t\t<div class=\"elementor-container elementor-column-gap-default\">\n\t\t\t\t\t<div class=\"elementor-column elementor-col-100 elementor-top-column elementor-element elementor-element-1e3a6d06\" data-id=\"1e3a6d06\" data-element_type=\"column\">\n\t\t\t<div class=\"elementor-widget-wrap elementor-element-populated\">\n\t\t\t\t\t\t<div class=\"elementor-element elementor-element-63a48f83 elementor-widget elementor-widget-heading\" data-id=\"63a48f83\" data-element_type=\"widget\" data-widget_type=\"heading.default\">\n\t\t\t\t<div class=\"elementor-widget-container\">\n\t\t\t\t\t<h1 class=\"elementor-heading-title elementor-size-xl\">Mantenimiento de piscinas de m\u00e1xima calidad<\/h1>\t\t\t\t<\/div>\n\t\t\t\t<\/div>\n\t\t\t\t\t<\/div>\n\t\t<\/div>\n\t\t\t\t\t<\/div>\n\t\t<\/section>\n\t\t\t\t<section class=\"elementor-section elementor-top-section elementor-element elementor-element-3a38b368 elementor-section-boxed elementor-section-height-default elementor-section-height-default\" data-id=\"3a38b368\" data-element_type=\"section\">\n\t\t\t\t\t\t<div class=\"elementor-container elementor-column-gap-default\">\n\t\t\t\t\t<div class=\"elementor-column elementor-col-100 elementor-top-column elementor-element elementor-element-1423d918\" data-id=\"1423d918\" data-element_type=\"column\">\n\t\t\t<div class=\"elementor-widget-wrap elementor-element-populated\">\n\t\t\t\t\t\t<div class=\"elementor-element elementor-element-4f597139 elementor-widget elementor-widget-spacer\" data-id=\"4f597139\" data-element_type=\"widget\" data-widget_type=\"spacer.default\">\n\t\t\t\t<div class=\"elementor-widget-container\">\n\t\t\t\t\t\t\t<div class=\"elementor-spacer\">\n\t\t\t<div class=\"elementor-spacer-inner\"><\/div>\n\t\t<\/div>\n\t\t\t\t\t\t<\/div>\n\t\t\t\t<\/div>\n\t\t\t\t\t<\/div>\n\t\t<\/div>\n\t\t\t\t\t<\/div>\n\t\t<\/section>\n\t\t\t\t<section class=\"elementor-section elementor-top-section elementor-element elementor-element-1057d73d elementor-section-boxed elementor-section-height-default elementor-section-height-default\" data-id=\"1057d73d\" data-element_type=\"section\">\n\t\t\t\t\t\t<div class=\"elementor-container elementor-column-gap-default\">\n\t\t\t\t\t<div class=\"elementor-column elementor-col-50 elementor-top-column elementor-element elementor-element-623df1e\" data-id=\"623df1e\" data-element_type=\"column\">\n\t\t\t<div class=\"elementor-widget-wrap elementor-element-populated\">\n\t\t\t\t\t\t<div class=\"elementor-element elementor-element-51a03218 elementor-widget elementor-widget-heading\" data-id=\"51a03218\" data-element_type=\"widget\" data-widget_type=\"heading.default\">\n\t\t\t\t<div class=\"elementor-widget-container\">\n\t\t\t\t\t<h3 class=\"elementor-heading-title elementor-size-large\">Nuestros servicios para Piscinas<\/h3>\t\t\t\t<\/div>\n\t\t\t\t<\/div>\n\t\t\t\t<div class=\"elementor-element elementor-element-6d84329e elementor-widget elementor-widget-text-editor\" data-id=\"6d84329e\" data-element_type=\"widget\" data-widget_type=\"text-editor.default\">\n\t\t\t\t<div class=\"elementor-widget-container\">\n\t\t\t\t\t\t\t\t\t<p>Para mantener una piscina de m\u00e1xima calidad, es importante llevar a cabo un mantenimiento regular y adecuado<\/p><p>Asegurarse de que su piscina est\u00e9 en perfecto estado con una limpieza regular, tratamiento qu\u00edmico adecuado, para mantener los niveles de pH, cloro, alcalinidad\u00a0<\/p><p>Filtraci\u00f3n adecuada para eliminar la suciedad y los residuos del agua.<\/p><p>Control de la temperatura del agua y\u00a0 reparaciones y mantenimiento de rutina<\/p>\t\t\t\t\t\t\t\t<\/div>\n\t\t\t\t<\/div>\n\t\t\t\t\t<\/div>\n\t\t<\/div>\n\t\t\t\t<div class=\"elementor-column elementor-col-50 elementor-top-column elementor-element elementor-element-bf0f19b\" data-id=\"bf0f19b\" data-element_type=\"column\">\n\t\t\t<div class=\"elementor-widget-wrap elementor-element-populated\">\n\t\t\t\t\t\t<div class=\"elementor-element elementor-element-65f00f3a elementor-widget elementor-widget-image\" data-id=\"65f00f3a\" data-element_type=\"widget\" data-widget_type=\"image.default\">\n\t\t\t\t<div class=\"elementor-widget-container\">\n\t\t\t\t\t\t\t\t\t\t\t\t\t\t\t<img fetchpriority=\"high\" decoding=\"async\" width=\"1000\" height=\"667\" src=\"https:\/\/gersofontaneria.es\/wp-content\/uploads\/2023\/02\/piscinas-2.jpeg\" class=\"attachment-large size-large wp-image-67\" alt=\"\" srcset=\"https:\/\/gersofontaneria.es\/wp-content\/uploads\/2023\/02\/piscinas-2.jpeg 1000w, https:\/\/gersofontaneria.es\/wp-content\/uploads\/2023\/02\/piscinas-2-300x200.jpeg 300w, https:\/\/gersofontaneria.es\/wp-content\/uploads\/2023\/02\/piscinas-2-768x512.jpeg 768w, https:\/\/gersofontaneria.es\/wp-content\/uploads\/2023\/02\/piscinas-2-18x12.jpeg 18w, https:\/\/gersofontaneria.es\/wp-content\/uploads\/2023\/02\/piscinas-2-930x620.jpeg 930w\" sizes=\"(max-width: 1000px) 100vw, 1000px\" \/>\t\t\t\t\t\t\t\t\t\t\t\t\t\t\t<\/div>\n\t\t\t\t<\/div>\n\t\t\t\t\t<\/div>\n\t\t<\/div>\n\t\t\t\t\t<\/div>\n\t\t<\/section>\n\t\t\t\t<section class=\"elementor-section elementor-top-section elementor-element elementor-element-312bff00 elementor-section-boxed elementor-section-height-default elementor-section-height-default\" data-id=\"312bff00\" data-element_type=\"section\">\n\t\t\t\t\t\t<div class=\"elementor-container elementor-column-gap-default\">\n\t\t\t\t\t<div class=\"elementor-column elementor-col-100 elementor-top-column elementor-element elementor-element-547fdb98\" data-id=\"547fdb98\" data-element_type=\"column\">\n\t\t\t<div class=\"elementor-widget-wrap elementor-element-populated\">\n\t\t\t\t\t\t<div class=\"elementor-element elementor-element-54e7be49 elementor-widget elementor-widget-text-editor\" data-id=\"54e7be49\" data-element_type=\"widget\" data-widget_type=\"text-editor.default\">\n\t\t\t\t<div class=\"elementor-widget-container\">\n\t\t\t\t\t\t\t\t\t<p>En general, mantener una piscina de m\u00e1xima calidad requiere un mantenimiento constante y adecuado. Nuestro objetivo es garantizar una piscina segura, limpia y en buen funcionamiento para un uso y disfrute \u00f3ptimo en los meses estivales.<\/p><p>\u00a0<\/p>\t\t\t\t\t\t\t\t<\/div>\n\t\t\t\t<\/div>\n\t\t\t\t\t<\/div>\n\t\t<\/div>\n\t\t\t\t\t<\/div>\n\t\t<\/section>\n\t\t\t\t<\/div>","protected":false},"excerpt":{"rendered":"<p>Mantenimiento de piscinas de m\u00e1xima calidad Nuestros servicios para Piscinas Para mantener una piscina de m\u00e1xima calidad, es importante llevar a cabo un mantenimiento regular y adecuado Asegurarse de que su piscina est\u00e9 en perfecto estado con una limpieza regular, tratamiento qu\u00edmico adecuado, para mantener los niveles de pH, cloro, alcalinidad\u00a0 Filtraci\u00f3n adecuada para eliminar&hellip;&nbsp;<a href=\"https:\/\/gersofontaneria.es\/en\/servicios\/piscinas\/mantenimiento-de-piscinas-de-maxima-calidad\/\" class=\"\" rel=\"bookmark\">Read More &raquo;<span class=\"screen-reader-text\">Mantenimiento de piscinas de m\u00e1xima calidad<\/span><\/a><\/p>","protected":false},"author":1,"featured_media":0,"parent":155,"menu_order":0,"comment_status":"closed","ping_status":"closed","template":"elementor_header_footer","meta":{"neve_meta_sidebar":"","neve_meta_container":"","neve_meta_enable_content_width":"off","neve_meta_content_width":100,"neve_meta_title_alignment":"","neve_meta_author_avatar":"","neve_post_elements_order":"","neve_meta_disable_header":"","neve_meta_disable_footer":"","neve_meta_disable_title":"","_ti_tpc_template_sync":false,"_ti_tpc_template_id":"","footnotes":""},"class_list":["post-392","page","type-page","status-publish","hentry"],"yoast_head":"<!-- This site is optimized with the Yoast SEO plugin v23.1 - https:\/\/yoast.com\/wordpress\/plugins\/seo\/ -->\n<title>Mantenimiento de piscinas de m\u00e1xima calidad - Gersofontaneria<\/title>\n<meta name=\"robots\" content=\"index, follow, max-snippet:-1, max-image-preview:large, max-video-preview:-1\" \/>\n<link rel=\"canonical\" href=\"https:\/\/gersofontaneria.es\/en\/servicios\/piscinas\/mantenimiento-de-piscinas-de-maxima-calidad\/\" \/>\n<meta property=\"og:locale\" content=\"en_GB\" \/>\n<meta property=\"og:type\" content=\"article\" \/>\n<meta property=\"og:title\" content=\"Mantenimiento de piscinas de m\u00e1xima calidad - Gersofontaneria\" \/>\n<meta property=\"og:description\" content=\"Mantenimiento de piscinas de m\u00e1xima calidad Nuestros servicios para Piscinas Para mantener una piscina de m\u00e1xima calidad, es importante llevar a cabo un mantenimiento regular y adecuado Asegurarse de que su piscina est\u00e9 en perfecto estado con una limpieza regular, tratamiento qu\u00edmico adecuado, para mantener los niveles de pH, cloro, alcalinidad\u00a0 Filtraci\u00f3n adecuada para eliminar&hellip;&nbsp;Read More &raquo;Mantenimiento de piscinas de m\u00e1xima calidad\" \/>\n<meta property=\"og:url\" content=\"https:\/\/gersofontaneria.es\/en\/servicios\/piscinas\/mantenimiento-de-piscinas-de-maxima-calidad\/\" \/>\n<meta property=\"og:site_name\" content=\"Gersofontaneria\" \/>\n<meta property=\"article:modified_time\" content=\"2023-02-17T13:08:37+00:00\" \/>\n<meta property=\"og:image\" content=\"https:\/\/gersofontaneria.es\/wp-content\/uploads\/2023\/02\/piscinas-2.jpeg\" \/>\n<meta name=\"twitter:card\" content=\"summary_large_image\" \/>\n<meta name=\"twitter:label1\" content=\"Estimated reading time\" \/>\n\t<meta name=\"twitter:data1\" content=\"1 minute\" \/>\n<script type=\"application\/ld+json\" class=\"yoast-schema-graph\">{\"@context\":\"https:\/\/schema.org\",\"@graph\":[{\"@type\":\"WebPage\",\"@id\":\"https:\/\/gersofontaneria.es\/servicios\/piscinas\/mantenimiento-de-piscinas-de-maxima-calidad\/\",\"url\":\"https:\/\/gersofontaneria.es\/servicios\/piscinas\/mantenimiento-de-piscinas-de-maxima-calidad\/\",\"name\":\"Mantenimiento de piscinas de m\u00e1xima calidad - Gersofontaneria\",\"isPartOf\":{\"@id\":\"https:\/\/gersofontaneria.es\/#website\"},\"primaryImageOfPage\":{\"@id\":\"https:\/\/gersofontaneria.es\/servicios\/piscinas\/mantenimiento-de-piscinas-de-maxima-calidad\/#primaryimage\"},\"image\":{\"@id\":\"https:\/\/gersofontaneria.es\/servicios\/piscinas\/mantenimiento-de-piscinas-de-maxima-calidad\/#primaryimage\"},\"thumbnailUrl\":\"https:\/\/gersofontaneria.es\/wp-content\/uploads\/2023\/02\/piscinas-2.jpeg\",\"datePublished\":\"2023-02-17T11:35:36+00:00\",\"dateModified\":\"2023-02-17T13:08:37+00:00\",\"breadcrumb\":{\"@id\":\"https:\/\/gersofontaneria.es\/servicios\/piscinas\/mantenimiento-de-piscinas-de-maxima-calidad\/#breadcrumb\"},\"inLanguage\":\"en-GB\",\"potentialAction\":[{\"@type\":\"ReadAction\",\"target\":[\"https:\/\/gersofontaneria.es\/servicios\/piscinas\/mantenimiento-de-piscinas-de-maxima-calidad\/\"]}]},{\"@type\":\"ImageObject\",\"inLanguage\":\"en-GB\",\"@id\":\"https:\/\/gersofontaneria.es\/servicios\/piscinas\/mantenimiento-de-piscinas-de-maxima-calidad\/#primaryimage\",\"url\":\"https:\/\/gersofontaneria.es\/wp-content\/uploads\/2023\/02\/piscinas-2.jpeg\",\"contentUrl\":\"https:\/\/gersofontaneria.es\/wp-content\/uploads\/2023\/02\/piscinas-2.jpeg\"},{\"@type\":\"BreadcrumbList\",\"@id\":\"https:\/\/gersofontaneria.es\/servicios\/piscinas\/mantenimiento-de-piscinas-de-maxima-calidad\/#breadcrumb\",\"itemListElement\":[{\"@type\":\"ListItem\",\"position\":1,\"name\":\"Portada\",\"item\":\"https:\/\/gersofontaneria.es\/\"},{\"@type\":\"ListItem\",\"position\":2,\"name\":\"Servicios\",\"item\":\"https:\/\/gersofontaneria.es\/servicios\/\"},{\"@type\":\"ListItem\",\"position\":3,\"name\":\"Piscinas\",\"item\":\"https:\/\/gersofontaneria.es\/servicios\/piscinas\/\"},{\"@type\":\"ListItem\",\"position\":4,\"name\":\"Mantenimiento de piscinas de m\u00e1xima calidad\"}]},{\"@type\":\"WebSite\",\"@id\":\"https:\/\/gersofontaneria.es\/#website\",\"url\":\"https:\/\/gersofontaneria.es\/\",\"name\":\"Gerso Fontaneria\",\"description\":\"Servicios de fontaneria Alcal\u00e1 la Real -Jaen\",\"publisher\":{\"@id\":\"https:\/\/gersofontaneria.es\/#organization\"},\"potentialAction\":[{\"@type\":\"SearchAction\",\"target\":{\"@type\":\"EntryPoint\",\"urlTemplate\":\"https:\/\/gersofontaneria.es\/?s={search_term_string}\"},\"query-input\":\"required name=search_term_string\"}],\"inLanguage\":\"en-GB\"},{\"@type\":\"Organization\",\"@id\":\"https:\/\/gersofontaneria.es\/#organization\",\"name\":\"gersofontaneria\",\"url\":\"https:\/\/gersofontaneria.es\/\",\"logo\":{\"@type\":\"ImageObject\",\"inLanguage\":\"en-GB\",\"@id\":\"https:\/\/gersofontaneria.es\/#\/schema\/logo\/image\/\",\"url\":\"https:\/\/gersofontaneria.es\/wp-content\/uploads\/2023\/02\/LOGO-VECTORIAL-1.svg\",\"contentUrl\":\"https:\/\/gersofontaneria.es\/wp-content\/uploads\/2023\/02\/LOGO-VECTORIAL-1.svg\",\"width\":592,\"height\":377,\"caption\":\"gersofontaneria\"},\"image\":{\"@id\":\"https:\/\/gersofontaneria.es\/#\/schema\/logo\/image\/\"}}]}<\/script>\n<!-- \/ Yoast SEO plugin. -->","yoast_head_json":{"title":"Mantenimiento de piscinas de m\u00e1xima calidad - Gersofontaneria","robots":{"index":"index","follow":"follow","max-snippet":"max-snippet:-1","max-image-preview":"max-image-preview:large","max-video-preview":"max-video-preview:-1"},"canonical":"https:\/\/gersofontaneria.es\/en\/servicios\/piscinas\/mantenimiento-de-piscinas-de-maxima-calidad\/","og_locale":"en_GB","og_type":"article","og_title":"Mantenimiento de piscinas de m\u00e1xima calidad - Gersofontaneria","og_description":"Mantenimiento de piscinas de m\u00e1xima calidad Nuestros servicios para Piscinas Para mantener una piscina de m\u00e1xima calidad, es importante llevar a cabo un mantenimiento regular y adecuado Asegurarse de que su piscina est\u00e9 en perfecto estado con una limpieza regular, tratamiento qu\u00edmico adecuado, para mantener los niveles de pH, cloro, alcalinidad\u00a0 Filtraci\u00f3n adecuada para eliminar&hellip;&nbsp;Read More &raquo;Mantenimiento de piscinas de m\u00e1xima calidad","og_url":"https:\/\/gersofontaneria.es\/en\/servicios\/piscinas\/mantenimiento-de-piscinas-de-maxima-calidad\/","og_site_name":"Gersofontaneria","article_modified_time":"2023-02-17T13:08:37+00:00","og_image":[{"url":"https:\/\/gersofontaneria.es\/wp-content\/uploads\/2023\/02\/piscinas-2.jpeg"}],"twitter_card":"summary_large_image","twitter_misc":{"Estimated reading time":"1 minute"},"schema":{"@context":"https:\/\/schema.org","@graph":[{"@type":"WebPage","@id":"https:\/\/gersofontaneria.es\/servicios\/piscinas\/mantenimiento-de-piscinas-de-maxima-calidad\/","url":"https:\/\/gersofontaneria.es\/servicios\/piscinas\/mantenimiento-de-piscinas-de-maxima-calidad\/","name":"Mantenimiento de piscinas de m\u00e1xima calidad - Gersofontaneria","isPartOf":{"@id":"https:\/\/gersofontaneria.es\/#website"},"primaryImageOfPage":{"@id":"https:\/\/gersofontaneria.es\/servicios\/piscinas\/mantenimiento-de-piscinas-de-maxima-calidad\/#primaryimage"},"image":{"@id":"https:\/\/gersofontaneria.es\/servicios\/piscinas\/mantenimiento-de-piscinas-de-maxima-calidad\/#primaryimage"},"thumbnailUrl":"https:\/\/gersofontaneria.es\/wp-content\/uploads\/2023\/02\/piscinas-2.jpeg","datePublished":"2023-02-17T11:35:36+00:00","dateModified":"2023-02-17T13:08:37+00:00","breadcrumb":{"@id":"https:\/\/gersofontaneria.es\/servicios\/piscinas\/mantenimiento-de-piscinas-de-maxima-calidad\/#breadcrumb"},"inLanguage":"en-GB","potentialAction":[{"@type":"ReadAction","target":["https:\/\/gersofontaneria.es\/servicios\/piscinas\/mantenimiento-de-piscinas-de-maxima-calidad\/"]}]},{"@type":"ImageObject","inLanguage":"en-GB","@id":"https:\/\/gersofontaneria.es\/servicios\/piscinas\/mantenimiento-de-piscinas-de-maxima-calidad\/#primaryimage","url":"https:\/\/gersofontaneria.es\/wp-content\/uploads\/2023\/02\/piscinas-2.jpeg","contentUrl":"https:\/\/gersofontaneria.es\/wp-content\/uploads\/2023\/02\/piscinas-2.jpeg"},{"@type":"BreadcrumbList","@id":"https:\/\/gersofontaneria.es\/servicios\/piscinas\/mantenimiento-de-piscinas-de-maxima-calidad\/#breadcrumb","itemListElement":[{"@type":"ListItem","position":1,"name":"Portada","item":"https:\/\/gersofontaneria.es\/"},{"@type":"ListItem","position":2,"name":"Servicios","item":"https:\/\/gersofontaneria.es\/servicios\/"},{"@type":"ListItem","position":3,"name":"Piscinas","item":"https:\/\/gersofontaneria.es\/servicios\/piscinas\/"},{"@type":"ListItem","position":4,"name":"Mantenimiento de piscinas de m\u00e1xima calidad"}]},{"@type":"WebSite","@id":"https:\/\/gersofontaneria.es\/#website","url":"https:\/\/gersofontaneria.es\/","name":"Gerso Fontaneria","description":"Servicios de fontaneria Alcal\u00e1 la Real -Jaen","publisher":{"@id":"https:\/\/gersofontaneria.es\/#organization"},"potentialAction":[{"@type":"SearchAction","target":{"@type":"EntryPoint","urlTemplate":"https:\/\/gersofontaneria.es\/?s={search_term_string}"},"query-input":"required name=search_term_string"}],"inLanguage":"en-GB"},{"@type":"Organization","@id":"https:\/\/gersofontaneria.es\/#organization","name":"gersofontaneria","url":"https:\/\/gersofontaneria.es\/","logo":{"@type":"ImageObject","inLanguage":"en-GB","@id":"https:\/\/gersofontaneria.es\/#\/schema\/logo\/image\/","url":"https:\/\/gersofontaneria.es\/wp-content\/uploads\/2023\/02\/LOGO-VECTORIAL-1.svg","contentUrl":"https:\/\/gersofontaneria.es\/wp-content\/uploads\/2023\/02\/LOGO-VECTORIAL-1.svg","width":592,"height":377,"caption":"gersofontaneria"},"image":{"@id":"https:\/\/gersofontaneria.es\/#\/schema\/logo\/image\/"}}]}},"_links":{"self":[{"href":"https:\/\/gersofontaneria.es\/en\/wp-json\/wp\/v2\/pages\/392","targetHints":{"allow":["GET"]}}],"collection":[{"href":"https:\/\/gersofontaneria.es\/en\/wp-json\/wp\/v2\/pages"}],"about":[{"href":"https:\/\/gersofontaneria.es\/en\/wp-json\/wp\/v2\/types\/page"}],"author":[{"embeddable":true,"href":"https:\/\/gersofontaneria.es\/en\/wp-json\/wp\/v2\/users\/1"}],"replies":[{"embeddable":true,"href":"https:\/\/gersofontaneria.es\/en\/wp-json\/wp\/v2\/comments?post=392"}],"version-history":[{"count":7,"href":"https:\/\/gersofontaneria.es\/en\/wp-json\/wp\/v2\/pages\/392\/revisions"}],"predecessor-version":[{"id":485,"href":"https:\/\/gersofontaneria.es\/en\/wp-json\/wp\/v2\/pages\/392\/revisions\/485"}],"up":[{"embeddable":true,"href":"https:\/\/gersofontaneria.es\/en\/wp-json\/wp\/v2\/pages\/155"}],"wp:attachment":[{"href":"https:\/\/gersofontaneria.es\/en\/wp-json\/wp\/v2\/media?parent=392"}],"curies":[{"name":"wp","href":"https:\/\/api.w.org\/{rel}","templated":true}]}}