{"id":394,"date":"2023-02-17T11:35:49","date_gmt":"2023-02-17T11:35:49","guid":{"rendered":"https:\/\/gersofontaneria.es\/?page_id=394"},"modified":"2023-02-17T13:06:32","modified_gmt":"2023-02-17T13:06:32","slug":"reparaciones-de-piscinas","status":"publish","type":"page","link":"https:\/\/gersofontaneria.es\/en\/servicios\/piscinas\/reparaciones-de-piscinas\/","title":{"rendered":"Reparaciones de piscinas"},"content":{"rendered":"<div data-elementor-type=\"wp-page\" data-elementor-id=\"394\" class=\"elementor elementor-394\">\n\t\t\t\t\t\t<section class=\"elementor-section elementor-top-section elementor-element elementor-element-2c88a78a elementor-section-height-min-height elementor-section-boxed elementor-section-height-default elementor-section-items-middle\" data-id=\"2c88a78a\" data-element_type=\"section\" data-settings=\"{&quot;background_background&quot;:&quot;classic&quot;}\">\n\t\t\t\t\t\t<div class=\"elementor-container elementor-column-gap-default\">\n\t\t\t\t\t<div class=\"elementor-column elementor-col-100 elementor-top-column elementor-element elementor-element-7d4ff156\" data-id=\"7d4ff156\" data-element_type=\"column\">\n\t\t\t<div class=\"elementor-widget-wrap elementor-element-populated\">\n\t\t\t\t\t\t<div class=\"elementor-element elementor-element-66df3133 elementor-widget elementor-widget-heading\" data-id=\"66df3133\" data-element_type=\"widget\" data-widget_type=\"heading.default\">\n\t\t\t\t<div class=\"elementor-widget-container\">\n\t\t\t\t\t<h1 class=\"elementor-heading-title elementor-size-xl\">Reparaciones de piscinas<\/h1>\t\t\t\t<\/div>\n\t\t\t\t<\/div>\n\t\t\t\t\t<\/div>\n\t\t<\/div>\n\t\t\t\t\t<\/div>\n\t\t<\/section>\n\t\t\t\t<section class=\"elementor-section elementor-top-section elementor-element elementor-element-94c97cf elementor-section-boxed elementor-section-height-default elementor-section-height-default\" data-id=\"94c97cf\" data-element_type=\"section\">\n\t\t\t\t\t\t<div class=\"elementor-container elementor-column-gap-default\">\n\t\t\t\t\t<div class=\"elementor-column elementor-col-100 elementor-top-column elementor-element elementor-element-5591dec0\" data-id=\"5591dec0\" data-element_type=\"column\">\n\t\t\t<div class=\"elementor-widget-wrap elementor-element-populated\">\n\t\t\t\t\t\t<div class=\"elementor-element elementor-element-480a978c elementor-widget elementor-widget-spacer\" data-id=\"480a978c\" data-element_type=\"widget\" data-widget_type=\"spacer.default\">\n\t\t\t\t<div class=\"elementor-widget-container\">\n\t\t\t\t\t\t\t<div class=\"elementor-spacer\">\n\t\t\t<div class=\"elementor-spacer-inner\"><\/div>\n\t\t<\/div>\n\t\t\t\t\t\t<\/div>\n\t\t\t\t<\/div>\n\t\t\t\t\t<\/div>\n\t\t<\/div>\n\t\t\t\t\t<\/div>\n\t\t<\/section>\n\t\t\t\t<section class=\"elementor-section elementor-top-section elementor-element elementor-element-3f9e760e elementor-section-boxed elementor-section-height-default elementor-section-height-default\" data-id=\"3f9e760e\" data-element_type=\"section\">\n\t\t\t\t\t\t<div class=\"elementor-container elementor-column-gap-default\">\n\t\t\t\t\t<div class=\"elementor-column elementor-col-50 elementor-top-column elementor-element elementor-element-59cad958\" data-id=\"59cad958\" data-element_type=\"column\">\n\t\t\t<div class=\"elementor-widget-wrap elementor-element-populated\">\n\t\t\t\t\t\t<div class=\"elementor-element elementor-element-5838fa39 elementor-widget elementor-widget-heading\" data-id=\"5838fa39\" data-element_type=\"widget\" data-widget_type=\"heading.default\">\n\t\t\t\t<div class=\"elementor-widget-container\">\n\t\t\t\t\t<h3 class=\"elementor-heading-title elementor-size-large\">Reparaciones de piscinas<\/h3>\t\t\t\t<\/div>\n\t\t\t\t<\/div>\n\t\t\t\t<div class=\"elementor-element elementor-element-eebbb93 elementor-widget elementor-widget-text-editor\" data-id=\"eebbb93\" data-element_type=\"widget\" data-widget_type=\"text-editor.default\">\n\t\t\t\t<div class=\"elementor-widget-container\">\n\t\t\t\t\t\t\t\t\t<p>Las piscinas pueden requerir reparaciones en ocasiones debido al desgaste normal, las condiciones clim\u00e1ticas extremas, los accidentes y otros factores.<\/p><p>Nuestro servicio realiza reparaciones y soluciones para<\/p>\t\t\t\t\t\t\t\t<\/div>\n\t\t\t\t<\/div>\n\t\t\t\t\t<\/div>\n\t\t<\/div>\n\t\t\t\t<div class=\"elementor-column elementor-col-50 elementor-top-column elementor-element elementor-element-5441a086\" data-id=\"5441a086\" data-element_type=\"column\">\n\t\t\t<div class=\"elementor-widget-wrap elementor-element-populated\">\n\t\t\t\t\t\t<div class=\"elementor-element elementor-element-20d1c49 elementor-widget elementor-widget-image\" data-id=\"20d1c49\" data-element_type=\"widget\" data-widget_type=\"image.default\">\n\t\t\t\t<div class=\"elementor-widget-container\">\n\t\t\t\t\t\t\t\t\t\t\t\t\t\t\t<img fetchpriority=\"high\" decoding=\"async\" width=\"1000\" height=\"667\" src=\"https:\/\/gersofontaneria.es\/wp-content\/uploads\/2023\/02\/piscinas-3.jpg\" class=\"attachment-large size-large wp-image-68\" alt=\"\" srcset=\"https:\/\/gersofontaneria.es\/wp-content\/uploads\/2023\/02\/piscinas-3.jpg 1000w, https:\/\/gersofontaneria.es\/wp-content\/uploads\/2023\/02\/piscinas-3-300x200.jpg 300w, https:\/\/gersofontaneria.es\/wp-content\/uploads\/2023\/02\/piscinas-3-768x512.jpg 768w, https:\/\/gersofontaneria.es\/wp-content\/uploads\/2023\/02\/piscinas-3-18x12.jpg 18w, https:\/\/gersofontaneria.es\/wp-content\/uploads\/2023\/02\/piscinas-3-930x620.jpg 930w\" sizes=\"(max-width: 1000px) 100vw, 1000px\" \/>\t\t\t\t\t\t\t\t\t\t\t\t\t\t\t<\/div>\n\t\t\t\t<\/div>\n\t\t\t\t\t<\/div>\n\t\t<\/div>\n\t\t\t\t\t<\/div>\n\t\t<\/section>\n\t\t\t\t<section class=\"elementor-section elementor-top-section elementor-element elementor-element-3f2a7bcd elementor-section-boxed elementor-section-height-default elementor-section-height-default\" data-id=\"3f2a7bcd\" data-element_type=\"section\">\n\t\t\t\t\t\t<div class=\"elementor-container elementor-column-gap-default\">\n\t\t\t\t\t<div class=\"elementor-column elementor-col-100 elementor-top-column elementor-element elementor-element-6b087997\" data-id=\"6b087997\" data-element_type=\"column\">\n\t\t\t<div class=\"elementor-widget-wrap elementor-element-populated\">\n\t\t\t\t\t\t<div class=\"elementor-element elementor-element-685c0db elementor-widget elementor-widget-text-editor\" data-id=\"685c0db\" data-element_type=\"widget\" data-widget_type=\"text-editor.default\">\n\t\t\t\t<div class=\"elementor-widget-container\">\n\t\t\t\t\t\t\t\t\t<ol><li><p>Fugas de agua: Las fugas de agua en una piscina pueden ser causadas por da\u00f1os en la estructura, las tuber\u00edas o los accesorios. Si hay una fuga, es importante localizar la fuente y repararla lo antes posible para evitar un mayor da\u00f1o. <br \/><br \/><\/p><\/li><li><p>Problemas con el revestimiento de la piscina: El revestimiento de la piscina puede da\u00f1arse con el tiempo debido al desgaste normal, la exposici\u00f3n a los rayos UV, las bajas temperaturas o el uso inadecuado de productos qu\u00edmicos. Si el revestimiento est\u00e1 da\u00f1ado, puede ser necesario repararlo o reemplazarlo.\u00a0<\/p><\/li><li><p>Problemas con el sistema de filtraci\u00f3n: El sistema de filtraci\u00f3n de la piscina es responsable de mantener el agua limpia y libre de residuos. Si hay problemas con el sistema de filtraci\u00f3n, como una bomba rota o un filtro obstruido, puede ser necesario reparar o reemplazar el componente afectado.<\/p><\/li><li><p>Problemas con la iluminaci\u00f3n: Si las luces de la piscina est\u00e1n da\u00f1adas o no funcionan correctamente, es importante repararlas lo antes posible para evitar riesgos de seguridad y mejorar la apariencia de la piscina.<\/p><\/li><li><p>Da\u00f1os estructurales: Los da\u00f1os estructurales en la piscina, como grietas en la pared o el piso, pueden ser causados por las condiciones clim\u00e1ticas extremas, la edad o la mala instalaci\u00f3n. <br \/>Si hay da\u00f1os estructurales, es importante repararlos lo antes posible para evitar una mayor degradaci\u00f3n de la estructura.<\/p><\/li><\/ol>\t\t\t\t\t\t\t\t<\/div>\n\t\t\t\t<\/div>\n\t\t\t\t\t<\/div>\n\t\t<\/div>\n\t\t\t\t\t<\/div>\n\t\t<\/section>\n\t\t\t\t<\/div>","protected":false},"excerpt":{"rendered":"<p>Reparaciones de piscinas Reparaciones de piscinas Las piscinas pueden requerir reparaciones en ocasiones debido al desgaste normal, las condiciones clim\u00e1ticas extremas, los accidentes y otros factores. Nuestro servicio realiza reparaciones y soluciones para Fugas de agua: Las fugas de agua en una piscina pueden ser causadas por da\u00f1os en la estructura, las tuber\u00edas o los&hellip;&nbsp;<a href=\"https:\/\/gersofontaneria.es\/en\/servicios\/piscinas\/reparaciones-de-piscinas\/\" class=\"\" rel=\"bookmark\">Read More &raquo;<span class=\"screen-reader-text\">Reparaciones de piscinas<\/span><\/a><\/p>","protected":false},"author":1,"featured_media":0,"parent":155,"menu_order":0,"comment_status":"closed","ping_status":"closed","template":"elementor_header_footer","meta":{"neve_meta_sidebar":"","neve_meta_container":"","neve_meta_enable_content_width":"off","neve_meta_content_width":100,"neve_meta_title_alignment":"","neve_meta_author_avatar":"","neve_post_elements_order":"","neve_meta_disable_header":"","neve_meta_disable_footer":"","neve_meta_disable_title":"","_ti_tpc_template_sync":false,"_ti_tpc_template_id":"","footnotes":""},"class_list":["post-394","page","type-page","status-publish","hentry"],"yoast_head":"<!-- This site is optimized with the Yoast SEO plugin v23.1 - https:\/\/yoast.com\/wordpress\/plugins\/seo\/ -->\n<title>Reparaciones de piscinas - Gersofontaneria<\/title>\n<meta name=\"robots\" content=\"index, follow, max-snippet:-1, max-image-preview:large, max-video-preview:-1\" \/>\n<link rel=\"canonical\" href=\"https:\/\/gersofontaneria.es\/en\/servicios\/piscinas\/reparaciones-de-piscinas\/\" \/>\n<meta property=\"og:locale\" content=\"en_GB\" \/>\n<meta property=\"og:type\" content=\"article\" \/>\n<meta property=\"og:title\" content=\"Reparaciones de piscinas - Gersofontaneria\" \/>\n<meta property=\"og:description\" content=\"Reparaciones de piscinas Reparaciones de piscinas Las piscinas pueden requerir reparaciones en ocasiones debido al desgaste normal, las condiciones clim\u00e1ticas extremas, los accidentes y otros factores. Nuestro servicio realiza reparaciones y soluciones para Fugas de agua: Las fugas de agua en una piscina pueden ser causadas por da\u00f1os en la estructura, las tuber\u00edas o los&hellip;&nbsp;Read More &raquo;Reparaciones de piscinas\" \/>\n<meta property=\"og:url\" content=\"https:\/\/gersofontaneria.es\/en\/servicios\/piscinas\/reparaciones-de-piscinas\/\" \/>\n<meta property=\"og:site_name\" content=\"Gersofontaneria\" \/>\n<meta property=\"article:modified_time\" content=\"2023-02-17T13:06:32+00:00\" \/>\n<meta property=\"og:image\" content=\"https:\/\/gersofontaneria.es\/wp-content\/uploads\/2023\/02\/piscinas-3.jpg\" \/>\n<meta name=\"twitter:card\" content=\"summary_large_image\" \/>\n<meta name=\"twitter:label1\" content=\"Estimated reading time\" \/>\n\t<meta name=\"twitter:data1\" content=\"2 minutes\" \/>\n<script type=\"application\/ld+json\" class=\"yoast-schema-graph\">{\"@context\":\"https:\/\/schema.org\",\"@graph\":[{\"@type\":\"WebPage\",\"@id\":\"https:\/\/gersofontaneria.es\/servicios\/piscinas\/reparaciones-de-piscinas\/\",\"url\":\"https:\/\/gersofontaneria.es\/servicios\/piscinas\/reparaciones-de-piscinas\/\",\"name\":\"Reparaciones de piscinas - Gersofontaneria\",\"isPartOf\":{\"@id\":\"https:\/\/gersofontaneria.es\/#website\"},\"primaryImageOfPage\":{\"@id\":\"https:\/\/gersofontaneria.es\/servicios\/piscinas\/reparaciones-de-piscinas\/#primaryimage\"},\"image\":{\"@id\":\"https:\/\/gersofontaneria.es\/servicios\/piscinas\/reparaciones-de-piscinas\/#primaryimage\"},\"thumbnailUrl\":\"https:\/\/gersofontaneria.es\/wp-content\/uploads\/2023\/02\/piscinas-3.jpg\",\"datePublished\":\"2023-02-17T11:35:49+00:00\",\"dateModified\":\"2023-02-17T13:06:32+00:00\",\"breadcrumb\":{\"@id\":\"https:\/\/gersofontaneria.es\/servicios\/piscinas\/reparaciones-de-piscinas\/#breadcrumb\"},\"inLanguage\":\"en-GB\",\"potentialAction\":[{\"@type\":\"ReadAction\",\"target\":[\"https:\/\/gersofontaneria.es\/servicios\/piscinas\/reparaciones-de-piscinas\/\"]}]},{\"@type\":\"ImageObject\",\"inLanguage\":\"en-GB\",\"@id\":\"https:\/\/gersofontaneria.es\/servicios\/piscinas\/reparaciones-de-piscinas\/#primaryimage\",\"url\":\"https:\/\/gersofontaneria.es\/wp-content\/uploads\/2023\/02\/piscinas-3.jpg\",\"contentUrl\":\"https:\/\/gersofontaneria.es\/wp-content\/uploads\/2023\/02\/piscinas-3.jpg\"},{\"@type\":\"BreadcrumbList\",\"@id\":\"https:\/\/gersofontaneria.es\/servicios\/piscinas\/reparaciones-de-piscinas\/#breadcrumb\",\"itemListElement\":[{\"@type\":\"ListItem\",\"position\":1,\"name\":\"Portada\",\"item\":\"https:\/\/gersofontaneria.es\/\"},{\"@type\":\"ListItem\",\"position\":2,\"name\":\"Servicios\",\"item\":\"https:\/\/gersofontaneria.es\/servicios\/\"},{\"@type\":\"ListItem\",\"position\":3,\"name\":\"Piscinas\",\"item\":\"https:\/\/gersofontaneria.es\/servicios\/piscinas\/\"},{\"@type\":\"ListItem\",\"position\":4,\"name\":\"Reparaciones de piscinas\"}]},{\"@type\":\"WebSite\",\"@id\":\"https:\/\/gersofontaneria.es\/#website\",\"url\":\"https:\/\/gersofontaneria.es\/\",\"name\":\"Gerso Fontaneria\",\"description\":\"Servicios de fontaneria Alcal\u00e1 la Real -Jaen\",\"publisher\":{\"@id\":\"https:\/\/gersofontaneria.es\/#organization\"},\"potentialAction\":[{\"@type\":\"SearchAction\",\"target\":{\"@type\":\"EntryPoint\",\"urlTemplate\":\"https:\/\/gersofontaneria.es\/?s={search_term_string}\"},\"query-input\":\"required name=search_term_string\"}],\"inLanguage\":\"en-GB\"},{\"@type\":\"Organization\",\"@id\":\"https:\/\/gersofontaneria.es\/#organization\",\"name\":\"gersofontaneria\",\"url\":\"https:\/\/gersofontaneria.es\/\",\"logo\":{\"@type\":\"ImageObject\",\"inLanguage\":\"en-GB\",\"@id\":\"https:\/\/gersofontaneria.es\/#\/schema\/logo\/image\/\",\"url\":\"https:\/\/gersofontaneria.es\/wp-content\/uploads\/2023\/02\/LOGO-VECTORIAL-1.svg\",\"contentUrl\":\"https:\/\/gersofontaneria.es\/wp-content\/uploads\/2023\/02\/LOGO-VECTORIAL-1.svg\",\"width\":592,\"height\":377,\"caption\":\"gersofontaneria\"},\"image\":{\"@id\":\"https:\/\/gersofontaneria.es\/#\/schema\/logo\/image\/\"}}]}<\/script>\n<!-- \/ Yoast SEO plugin. -->","yoast_head_json":{"title":"Reparaciones de piscinas - Gersofontaneria","robots":{"index":"index","follow":"follow","max-snippet":"max-snippet:-1","max-image-preview":"max-image-preview:large","max-video-preview":"max-video-preview:-1"},"canonical":"https:\/\/gersofontaneria.es\/en\/servicios\/piscinas\/reparaciones-de-piscinas\/","og_locale":"en_GB","og_type":"article","og_title":"Reparaciones de piscinas - Gersofontaneria","og_description":"Reparaciones de piscinas Reparaciones de piscinas Las piscinas pueden requerir reparaciones en ocasiones debido al desgaste normal, las condiciones clim\u00e1ticas extremas, los accidentes y otros factores. Nuestro servicio realiza reparaciones y soluciones para Fugas de agua: Las fugas de agua en una piscina pueden ser causadas por da\u00f1os en la estructura, las tuber\u00edas o los&hellip;&nbsp;Read More &raquo;Reparaciones de piscinas","og_url":"https:\/\/gersofontaneria.es\/en\/servicios\/piscinas\/reparaciones-de-piscinas\/","og_site_name":"Gersofontaneria","article_modified_time":"2023-02-17T13:06:32+00:00","og_image":[{"url":"https:\/\/gersofontaneria.es\/wp-content\/uploads\/2023\/02\/piscinas-3.jpg"}],"twitter_card":"summary_large_image","twitter_misc":{"Estimated reading time":"2 minutes"},"schema":{"@context":"https:\/\/schema.org","@graph":[{"@type":"WebPage","@id":"https:\/\/gersofontaneria.es\/servicios\/piscinas\/reparaciones-de-piscinas\/","url":"https:\/\/gersofontaneria.es\/servicios\/piscinas\/reparaciones-de-piscinas\/","name":"Reparaciones de piscinas - Gersofontaneria","isPartOf":{"@id":"https:\/\/gersofontaneria.es\/#website"},"primaryImageOfPage":{"@id":"https:\/\/gersofontaneria.es\/servicios\/piscinas\/reparaciones-de-piscinas\/#primaryimage"},"image":{"@id":"https:\/\/gersofontaneria.es\/servicios\/piscinas\/reparaciones-de-piscinas\/#primaryimage"},"thumbnailUrl":"https:\/\/gersofontaneria.es\/wp-content\/uploads\/2023\/02\/piscinas-3.jpg","datePublished":"2023-02-17T11:35:49+00:00","dateModified":"2023-02-17T13:06:32+00:00","breadcrumb":{"@id":"https:\/\/gersofontaneria.es\/servicios\/piscinas\/reparaciones-de-piscinas\/#breadcrumb"},"inLanguage":"en-GB","potentialAction":[{"@type":"ReadAction","target":["https:\/\/gersofontaneria.es\/servicios\/piscinas\/reparaciones-de-piscinas\/"]}]},{"@type":"ImageObject","inLanguage":"en-GB","@id":"https:\/\/gersofontaneria.es\/servicios\/piscinas\/reparaciones-de-piscinas\/#primaryimage","url":"https:\/\/gersofontaneria.es\/wp-content\/uploads\/2023\/02\/piscinas-3.jpg","contentUrl":"https:\/\/gersofontaneria.es\/wp-content\/uploads\/2023\/02\/piscinas-3.jpg"},{"@type":"BreadcrumbList","@id":"https:\/\/gersofontaneria.es\/servicios\/piscinas\/reparaciones-de-piscinas\/#breadcrumb","itemListElement":[{"@type":"ListItem","position":1,"name":"Portada","item":"https:\/\/gersofontaneria.es\/"},{"@type":"ListItem","position":2,"name":"Servicios","item":"https:\/\/gersofontaneria.es\/servicios\/"},{"@type":"ListItem","position":3,"name":"Piscinas","item":"https:\/\/gersofontaneria.es\/servicios\/piscinas\/"},{"@type":"ListItem","position":4,"name":"Reparaciones de piscinas"}]},{"@type":"WebSite","@id":"https:\/\/gersofontaneria.es\/#website","url":"https:\/\/gersofontaneria.es\/","name":"Gerso Fontaneria","description":"Servicios de fontaneria Alcal\u00e1 la Real -Jaen","publisher":{"@id":"https:\/\/gersofontaneria.es\/#organization"},"potentialAction":[{"@type":"SearchAction","target":{"@type":"EntryPoint","urlTemplate":"https:\/\/gersofontaneria.es\/?s={search_term_string}"},"query-input":"required name=search_term_string"}],"inLanguage":"en-GB"},{"@type":"Organization","@id":"https:\/\/gersofontaneria.es\/#organization","name":"gersofontaneria","url":"https:\/\/gersofontaneria.es\/","logo":{"@type":"ImageObject","inLanguage":"en-GB","@id":"https:\/\/gersofontaneria.es\/#\/schema\/logo\/image\/","url":"https:\/\/gersofontaneria.es\/wp-content\/uploads\/2023\/02\/LOGO-VECTORIAL-1.svg","contentUrl":"https:\/\/gersofontaneria.es\/wp-content\/uploads\/2023\/02\/LOGO-VECTORIAL-1.svg","width":592,"height":377,"caption":"gersofontaneria"},"image":{"@id":"https:\/\/gersofontaneria.es\/#\/schema\/logo\/image\/"}}]}},"_links":{"self":[{"href":"https:\/\/gersofontaneria.es\/en\/wp-json\/wp\/v2\/pages\/394","targetHints":{"allow":["GET"]}}],"collection":[{"href":"https:\/\/gersofontaneria.es\/en\/wp-json\/wp\/v2\/pages"}],"about":[{"href":"https:\/\/gersofontaneria.es\/en\/wp-json\/wp\/v2\/types\/page"}],"author":[{"embeddable":true,"href":"https:\/\/gersofontaneria.es\/en\/wp-json\/wp\/v2\/users\/1"}],"replies":[{"embeddable":true,"href":"https:\/\/gersofontaneria.es\/en\/wp-json\/wp\/v2\/comments?post=394"}],"version-history":[{"count":7,"href":"https:\/\/gersofontaneria.es\/en\/wp-json\/wp\/v2\/pages\/394\/revisions"}],"predecessor-version":[{"id":469,"href":"https:\/\/gersofontaneria.es\/en\/wp-json\/wp\/v2\/pages\/394\/revisions\/469"}],"up":[{"embeddable":true,"href":"https:\/\/gersofontaneria.es\/en\/wp-json\/wp\/v2\/pages\/155"}],"wp:attachment":[{"href":"https:\/\/gersofontaneria.es\/en\/wp-json\/wp\/v2\/media?parent=394"}],"curies":[{"name":"wp","href":"https:\/\/api.w.org\/{rel}","templated":true}]}}