{"id":396,"date":"2023-02-17T11:36:03","date_gmt":"2023-02-17T11:36:03","guid":{"rendered":"https:\/\/gersofontaneria.es\/?page_id=396"},"modified":"2023-02-17T14:00:16","modified_gmt":"2023-02-17T14:00:16","slug":"invernaje-de-piscinas","status":"publish","type":"page","link":"https:\/\/gersofontaneria.es\/en\/servicios\/piscinas\/invernaje-de-piscinas\/","title":{"rendered":"Invernaje de piscinas"},"content":{"rendered":"<div data-elementor-type=\"wp-page\" data-elementor-id=\"396\" class=\"elementor elementor-396\">\n\t\t\t\t\t\t<section class=\"elementor-section elementor-top-section elementor-element elementor-element-3562e97 elementor-section-height-min-height elementor-section-boxed elementor-section-height-default elementor-section-items-middle\" data-id=\"3562e97\" data-element_type=\"section\" data-settings=\"{&quot;background_background&quot;:&quot;classic&quot;}\">\n\t\t\t\t\t\t<div class=\"elementor-container elementor-column-gap-default\">\n\t\t\t\t\t<div class=\"elementor-column elementor-col-100 elementor-top-column elementor-element elementor-element-1645385d\" data-id=\"1645385d\" data-element_type=\"column\">\n\t\t\t<div class=\"elementor-widget-wrap elementor-element-populated\">\n\t\t\t\t\t\t<div class=\"elementor-element elementor-element-19c1a602 elementor-widget elementor-widget-heading\" data-id=\"19c1a602\" data-element_type=\"widget\" data-widget_type=\"heading.default\">\n\t\t\t\t<div class=\"elementor-widget-container\">\n\t\t\t\t\t<h1 class=\"elementor-heading-title elementor-size-xl\">Invernaje de piscinas<\/h1>\t\t\t\t<\/div>\n\t\t\t\t<\/div>\n\t\t\t\t\t<\/div>\n\t\t<\/div>\n\t\t\t\t\t<\/div>\n\t\t<\/section>\n\t\t\t\t<section class=\"elementor-section elementor-top-section elementor-element elementor-element-6ca0fc31 elementor-section-boxed elementor-section-height-default elementor-section-height-default\" data-id=\"6ca0fc31\" data-element_type=\"section\">\n\t\t\t\t\t\t<div class=\"elementor-container elementor-column-gap-default\">\n\t\t\t\t\t<div class=\"elementor-column elementor-col-100 elementor-top-column elementor-element elementor-element-798c152c\" data-id=\"798c152c\" data-element_type=\"column\">\n\t\t\t<div class=\"elementor-widget-wrap elementor-element-populated\">\n\t\t\t\t\t\t<div class=\"elementor-element elementor-element-2caf9805 elementor-widget elementor-widget-spacer\" data-id=\"2caf9805\" data-element_type=\"widget\" data-widget_type=\"spacer.default\">\n\t\t\t\t<div class=\"elementor-widget-container\">\n\t\t\t\t\t\t\t<div class=\"elementor-spacer\">\n\t\t\t<div class=\"elementor-spacer-inner\"><\/div>\n\t\t<\/div>\n\t\t\t\t\t\t<\/div>\n\t\t\t\t<\/div>\n\t\t\t\t\t<\/div>\n\t\t<\/div>\n\t\t\t\t\t<\/div>\n\t\t<\/section>\n\t\t\t\t<section class=\"elementor-section elementor-top-section elementor-element elementor-element-3b135ec8 elementor-section-boxed elementor-section-height-default elementor-section-height-default\" data-id=\"3b135ec8\" data-element_type=\"section\">\n\t\t\t\t\t\t<div class=\"elementor-container elementor-column-gap-default\">\n\t\t\t\t\t<div class=\"elementor-column elementor-col-50 elementor-top-column elementor-element elementor-element-aa04a41\" data-id=\"aa04a41\" data-element_type=\"column\">\n\t\t\t<div class=\"elementor-widget-wrap elementor-element-populated\">\n\t\t\t\t\t\t<div class=\"elementor-element elementor-element-24e76495 elementor-widget elementor-widget-heading\" data-id=\"24e76495\" data-element_type=\"widget\" data-widget_type=\"heading.default\">\n\t\t\t\t<div class=\"elementor-widget-container\">\n\t\t\t\t\t<h3 class=\"elementor-heading-title elementor-size-large\">Invernaje de piscinas<\/h3>\t\t\t\t<\/div>\n\t\t\t\t<\/div>\n\t\t\t\t<div class=\"elementor-element elementor-element-2bc72f77 elementor-widget elementor-widget-text-editor\" data-id=\"2bc72f77\" data-element_type=\"widget\" data-widget_type=\"text-editor.default\">\n\t\t\t\t<div class=\"elementor-widget-container\">\n\t\t\t\t\t\t\t\t\t<p>El invernaje de piscinas es un proceso importante para proteger la piscina durante el invierno o cuando no se utiliza por un largo per\u00edodo de tiempo. El objetivo es evitar que el agua se congele y se da\u00f1e la estructura de la piscina, as\u00ed como tambi\u00e9n para prevenir la acumulaci\u00f3n de suciedad y algas en el agua.<\/p><p>El proceso de invernaje var\u00eda dependiendo del tipo de piscina y del clima de la zona en la que se encuentre<\/p><p>Es importante seguir los pasos adecuados para invernar la piscina, ya que esto ayudar\u00e1 a mantener la piscina en buen estado durante el invierno y reducir\u00e1 la cantidad de trabajo necesario para volver a ponerla en uso en la pr\u00f3xima temporada.<\/p><p>Nuestro objetivo es garantizar una piscina segura, limpia y en buen funcionamiento para un uso y disfrute \u00f3ptimo en los meses estivales.<\/p>\t\t\t\t\t\t\t\t<\/div>\n\t\t\t\t<\/div>\n\t\t\t\t\t<\/div>\n\t\t<\/div>\n\t\t\t\t<div class=\"elementor-column elementor-col-50 elementor-top-column elementor-element elementor-element-4d5a0005\" data-id=\"4d5a0005\" data-element_type=\"column\">\n\t\t\t<div class=\"elementor-widget-wrap elementor-element-populated\">\n\t\t\t\t\t\t<div class=\"elementor-element elementor-element-34d38446 elementor-widget elementor-widget-image\" data-id=\"34d38446\" data-element_type=\"widget\" data-widget_type=\"image.default\">\n\t\t\t\t<div class=\"elementor-widget-container\">\n\t\t\t\t\t\t\t\t\t\t\t\t\t\t\t<img fetchpriority=\"high\" decoding=\"async\" width=\"598\" height=\"704\" src=\"https:\/\/gersofontaneria.es\/wp-content\/uploads\/2023\/02\/446951.png\" class=\"attachment-large size-large wp-image-432\" alt=\"\" srcset=\"https:\/\/gersofontaneria.es\/wp-content\/uploads\/2023\/02\/446951.png 598w, https:\/\/gersofontaneria.es\/wp-content\/uploads\/2023\/02\/446951-255x300.png 255w, https:\/\/gersofontaneria.es\/wp-content\/uploads\/2023\/02\/446951-10x12.png 10w\" sizes=\"(max-width: 598px) 100vw, 598px\" \/>\t\t\t\t\t\t\t\t\t\t\t\t\t\t\t<\/div>\n\t\t\t\t<\/div>\n\t\t\t\t\t<\/div>\n\t\t<\/div>\n\t\t\t\t\t<\/div>\n\t\t<\/section>\n\t\t\t\t<\/div>","protected":false},"excerpt":{"rendered":"<p>Invernaje de piscinas Invernaje de piscinas El invernaje de piscinas es un proceso importante para proteger la piscina durante el invierno o cuando no se utiliza por un largo per\u00edodo de tiempo. El objetivo es evitar que el agua se congele y se da\u00f1e la estructura de la piscina, as\u00ed como tambi\u00e9n para prevenir la&hellip;&nbsp;<a href=\"https:\/\/gersofontaneria.es\/en\/servicios\/piscinas\/invernaje-de-piscinas\/\" class=\"\" rel=\"bookmark\">Read More &raquo;<span class=\"screen-reader-text\">Invernaje de piscinas<\/span><\/a><\/p>","protected":false},"author":1,"featured_media":0,"parent":155,"menu_order":0,"comment_status":"closed","ping_status":"closed","template":"elementor_header_footer","meta":{"neve_meta_sidebar":"","neve_meta_container":"","neve_meta_enable_content_width":"off","neve_meta_content_width":100,"neve_meta_title_alignment":"","neve_meta_author_avatar":"","neve_post_elements_order":"","neve_meta_disable_header":"","neve_meta_disable_footer":"","neve_meta_disable_title":"","_ti_tpc_template_sync":false,"_ti_tpc_template_id":"","footnotes":""},"class_list":["post-396","page","type-page","status-publish","hentry"],"yoast_head":"<!-- This site is optimized with the Yoast SEO plugin v23.1 - https:\/\/yoast.com\/wordpress\/plugins\/seo\/ -->\n<title>Invernaje de piscinas - Gersofontaneria<\/title>\n<meta name=\"robots\" content=\"index, follow, max-snippet:-1, max-image-preview:large, max-video-preview:-1\" \/>\n<link rel=\"canonical\" href=\"https:\/\/gersofontaneria.es\/en\/servicios\/piscinas\/invernaje-de-piscinas\/\" \/>\n<meta property=\"og:locale\" content=\"en_GB\" \/>\n<meta property=\"og:type\" content=\"article\" \/>\n<meta property=\"og:title\" content=\"Invernaje de piscinas - Gersofontaneria\" \/>\n<meta property=\"og:description\" content=\"Invernaje de piscinas Invernaje de piscinas El invernaje de piscinas es un proceso importante para proteger la piscina durante el invierno o cuando no se utiliza por un largo per\u00edodo de tiempo. El objetivo es evitar que el agua se congele y se da\u00f1e la estructura de la piscina, as\u00ed como tambi\u00e9n para prevenir la&hellip;&nbsp;Read More &raquo;Invernaje de piscinas\" \/>\n<meta property=\"og:url\" content=\"https:\/\/gersofontaneria.es\/en\/servicios\/piscinas\/invernaje-de-piscinas\/\" \/>\n<meta property=\"og:site_name\" content=\"Gersofontaneria\" \/>\n<meta property=\"article:modified_time\" content=\"2023-02-17T14:00:16+00:00\" \/>\n<meta property=\"og:image\" content=\"https:\/\/gersofontaneria.es\/wp-content\/uploads\/2023\/02\/446951.png\" \/>\n<meta name=\"twitter:card\" content=\"summary_large_image\" \/>\n<meta name=\"twitter:label1\" content=\"Estimated reading time\" \/>\n\t<meta name=\"twitter:data1\" content=\"1 minute\" \/>\n<script type=\"application\/ld+json\" class=\"yoast-schema-graph\">{\"@context\":\"https:\/\/schema.org\",\"@graph\":[{\"@type\":\"WebPage\",\"@id\":\"https:\/\/gersofontaneria.es\/servicios\/piscinas\/invernaje-de-piscinas\/\",\"url\":\"https:\/\/gersofontaneria.es\/servicios\/piscinas\/invernaje-de-piscinas\/\",\"name\":\"Invernaje de piscinas - Gersofontaneria\",\"isPartOf\":{\"@id\":\"https:\/\/gersofontaneria.es\/#website\"},\"primaryImageOfPage\":{\"@id\":\"https:\/\/gersofontaneria.es\/servicios\/piscinas\/invernaje-de-piscinas\/#primaryimage\"},\"image\":{\"@id\":\"https:\/\/gersofontaneria.es\/servicios\/piscinas\/invernaje-de-piscinas\/#primaryimage\"},\"thumbnailUrl\":\"https:\/\/gersofontaneria.es\/wp-content\/uploads\/2023\/02\/446951.png\",\"datePublished\":\"2023-02-17T11:36:03+00:00\",\"dateModified\":\"2023-02-17T14:00:16+00:00\",\"breadcrumb\":{\"@id\":\"https:\/\/gersofontaneria.es\/servicios\/piscinas\/invernaje-de-piscinas\/#breadcrumb\"},\"inLanguage\":\"en-GB\",\"potentialAction\":[{\"@type\":\"ReadAction\",\"target\":[\"https:\/\/gersofontaneria.es\/servicios\/piscinas\/invernaje-de-piscinas\/\"]}]},{\"@type\":\"ImageObject\",\"inLanguage\":\"en-GB\",\"@id\":\"https:\/\/gersofontaneria.es\/servicios\/piscinas\/invernaje-de-piscinas\/#primaryimage\",\"url\":\"https:\/\/gersofontaneria.es\/wp-content\/uploads\/2023\/02\/446951.png\",\"contentUrl\":\"https:\/\/gersofontaneria.es\/wp-content\/uploads\/2023\/02\/446951.png\"},{\"@type\":\"BreadcrumbList\",\"@id\":\"https:\/\/gersofontaneria.es\/servicios\/piscinas\/invernaje-de-piscinas\/#breadcrumb\",\"itemListElement\":[{\"@type\":\"ListItem\",\"position\":1,\"name\":\"Portada\",\"item\":\"https:\/\/gersofontaneria.es\/\"},{\"@type\":\"ListItem\",\"position\":2,\"name\":\"Servicios\",\"item\":\"https:\/\/gersofontaneria.es\/servicios\/\"},{\"@type\":\"ListItem\",\"position\":3,\"name\":\"Piscinas\",\"item\":\"https:\/\/gersofontaneria.es\/servicios\/piscinas\/\"},{\"@type\":\"ListItem\",\"position\":4,\"name\":\"Invernaje de piscinas\"}]},{\"@type\":\"WebSite\",\"@id\":\"https:\/\/gersofontaneria.es\/#website\",\"url\":\"https:\/\/gersofontaneria.es\/\",\"name\":\"Gerso Fontaneria\",\"description\":\"Servicios de fontaneria Alcal\u00e1 la Real -Jaen\",\"publisher\":{\"@id\":\"https:\/\/gersofontaneria.es\/#organization\"},\"potentialAction\":[{\"@type\":\"SearchAction\",\"target\":{\"@type\":\"EntryPoint\",\"urlTemplate\":\"https:\/\/gersofontaneria.es\/?s={search_term_string}\"},\"query-input\":\"required name=search_term_string\"}],\"inLanguage\":\"en-GB\"},{\"@type\":\"Organization\",\"@id\":\"https:\/\/gersofontaneria.es\/#organization\",\"name\":\"gersofontaneria\",\"url\":\"https:\/\/gersofontaneria.es\/\",\"logo\":{\"@type\":\"ImageObject\",\"inLanguage\":\"en-GB\",\"@id\":\"https:\/\/gersofontaneria.es\/#\/schema\/logo\/image\/\",\"url\":\"https:\/\/gersofontaneria.es\/wp-content\/uploads\/2023\/02\/LOGO-VECTORIAL-1.svg\",\"contentUrl\":\"https:\/\/gersofontaneria.es\/wp-content\/uploads\/2023\/02\/LOGO-VECTORIAL-1.svg\",\"width\":592,\"height\":377,\"caption\":\"gersofontaneria\"},\"image\":{\"@id\":\"https:\/\/gersofontaneria.es\/#\/schema\/logo\/image\/\"}}]}<\/script>\n<!-- \/ Yoast SEO plugin. -->","yoast_head_json":{"title":"Invernaje de piscinas - Gersofontaneria","robots":{"index":"index","follow":"follow","max-snippet":"max-snippet:-1","max-image-preview":"max-image-preview:large","max-video-preview":"max-video-preview:-1"},"canonical":"https:\/\/gersofontaneria.es\/en\/servicios\/piscinas\/invernaje-de-piscinas\/","og_locale":"en_GB","og_type":"article","og_title":"Invernaje de piscinas - Gersofontaneria","og_description":"Invernaje de piscinas Invernaje de piscinas El invernaje de piscinas es un proceso importante para proteger la piscina durante el invierno o cuando no se utiliza por un largo per\u00edodo de tiempo. El objetivo es evitar que el agua se congele y se da\u00f1e la estructura de la piscina, as\u00ed como tambi\u00e9n para prevenir la&hellip;&nbsp;Read More &raquo;Invernaje de piscinas","og_url":"https:\/\/gersofontaneria.es\/en\/servicios\/piscinas\/invernaje-de-piscinas\/","og_site_name":"Gersofontaneria","article_modified_time":"2023-02-17T14:00:16+00:00","og_image":[{"url":"https:\/\/gersofontaneria.es\/wp-content\/uploads\/2023\/02\/446951.png"}],"twitter_card":"summary_large_image","twitter_misc":{"Estimated reading time":"1 minute"},"schema":{"@context":"https:\/\/schema.org","@graph":[{"@type":"WebPage","@id":"https:\/\/gersofontaneria.es\/servicios\/piscinas\/invernaje-de-piscinas\/","url":"https:\/\/gersofontaneria.es\/servicios\/piscinas\/invernaje-de-piscinas\/","name":"Invernaje de piscinas - Gersofontaneria","isPartOf":{"@id":"https:\/\/gersofontaneria.es\/#website"},"primaryImageOfPage":{"@id":"https:\/\/gersofontaneria.es\/servicios\/piscinas\/invernaje-de-piscinas\/#primaryimage"},"image":{"@id":"https:\/\/gersofontaneria.es\/servicios\/piscinas\/invernaje-de-piscinas\/#primaryimage"},"thumbnailUrl":"https:\/\/gersofontaneria.es\/wp-content\/uploads\/2023\/02\/446951.png","datePublished":"2023-02-17T11:36:03+00:00","dateModified":"2023-02-17T14:00:16+00:00","breadcrumb":{"@id":"https:\/\/gersofontaneria.es\/servicios\/piscinas\/invernaje-de-piscinas\/#breadcrumb"},"inLanguage":"en-GB","potentialAction":[{"@type":"ReadAction","target":["https:\/\/gersofontaneria.es\/servicios\/piscinas\/invernaje-de-piscinas\/"]}]},{"@type":"ImageObject","inLanguage":"en-GB","@id":"https:\/\/gersofontaneria.es\/servicios\/piscinas\/invernaje-de-piscinas\/#primaryimage","url":"https:\/\/gersofontaneria.es\/wp-content\/uploads\/2023\/02\/446951.png","contentUrl":"https:\/\/gersofontaneria.es\/wp-content\/uploads\/2023\/02\/446951.png"},{"@type":"BreadcrumbList","@id":"https:\/\/gersofontaneria.es\/servicios\/piscinas\/invernaje-de-piscinas\/#breadcrumb","itemListElement":[{"@type":"ListItem","position":1,"name":"Portada","item":"https:\/\/gersofontaneria.es\/"},{"@type":"ListItem","position":2,"name":"Servicios","item":"https:\/\/gersofontaneria.es\/servicios\/"},{"@type":"ListItem","position":3,"name":"Piscinas","item":"https:\/\/gersofontaneria.es\/servicios\/piscinas\/"},{"@type":"ListItem","position":4,"name":"Invernaje de piscinas"}]},{"@type":"WebSite","@id":"https:\/\/gersofontaneria.es\/#website","url":"https:\/\/gersofontaneria.es\/","name":"Gerso Fontaneria","description":"Servicios de fontaneria Alcal\u00e1 la Real -Jaen","publisher":{"@id":"https:\/\/gersofontaneria.es\/#organization"},"potentialAction":[{"@type":"SearchAction","target":{"@type":"EntryPoint","urlTemplate":"https:\/\/gersofontaneria.es\/?s={search_term_string}"},"query-input":"required name=search_term_string"}],"inLanguage":"en-GB"},{"@type":"Organization","@id":"https:\/\/gersofontaneria.es\/#organization","name":"gersofontaneria","url":"https:\/\/gersofontaneria.es\/","logo":{"@type":"ImageObject","inLanguage":"en-GB","@id":"https:\/\/gersofontaneria.es\/#\/schema\/logo\/image\/","url":"https:\/\/gersofontaneria.es\/wp-content\/uploads\/2023\/02\/LOGO-VECTORIAL-1.svg","contentUrl":"https:\/\/gersofontaneria.es\/wp-content\/uploads\/2023\/02\/LOGO-VECTORIAL-1.svg","width":592,"height":377,"caption":"gersofontaneria"},"image":{"@id":"https:\/\/gersofontaneria.es\/#\/schema\/logo\/image\/"}}]}},"_links":{"self":[{"href":"https:\/\/gersofontaneria.es\/en\/wp-json\/wp\/v2\/pages\/396","targetHints":{"allow":["GET"]}}],"collection":[{"href":"https:\/\/gersofontaneria.es\/en\/wp-json\/wp\/v2\/pages"}],"about":[{"href":"https:\/\/gersofontaneria.es\/en\/wp-json\/wp\/v2\/types\/page"}],"author":[{"embeddable":true,"href":"https:\/\/gersofontaneria.es\/en\/wp-json\/wp\/v2\/users\/1"}],"replies":[{"embeddable":true,"href":"https:\/\/gersofontaneria.es\/en\/wp-json\/wp\/v2\/comments?post=396"}],"version-history":[{"count":13,"href":"https:\/\/gersofontaneria.es\/en\/wp-json\/wp\/v2\/pages\/396\/revisions"}],"predecessor-version":[{"id":527,"href":"https:\/\/gersofontaneria.es\/en\/wp-json\/wp\/v2\/pages\/396\/revisions\/527"}],"up":[{"embeddable":true,"href":"https:\/\/gersofontaneria.es\/en\/wp-json\/wp\/v2\/pages\/155"}],"wp:attachment":[{"href":"https:\/\/gersofontaneria.es\/en\/wp-json\/wp\/v2\/media?parent=396"}],"curies":[{"name":"wp","href":"https:\/\/api.w.org\/{rel}","templated":true}]}}