{"id":398,"date":"2023-02-17T11:36:17","date_gmt":"2023-02-17T11:36:17","guid":{"rendered":"https:\/\/gersofontaneria.es\/?page_id=398"},"modified":"2023-02-17T13:07:07","modified_gmt":"2023-02-17T13:07:07","slug":"tratamientos-de-piscinas","status":"publish","type":"page","link":"https:\/\/gersofontaneria.es\/en\/servicios\/piscinas\/tratamientos-de-piscinas\/","title":{"rendered":"Tratamientos de piscinas"},"content":{"rendered":"<div data-elementor-type=\"wp-page\" data-elementor-id=\"398\" class=\"elementor elementor-398\">\n\t\t\t\t\t\t<section class=\"elementor-section elementor-top-section elementor-element elementor-element-31285a76 elementor-section-height-min-height elementor-section-boxed elementor-section-height-default elementor-section-items-middle\" data-id=\"31285a76\" data-element_type=\"section\" data-settings=\"{&quot;background_background&quot;:&quot;classic&quot;}\">\n\t\t\t\t\t\t<div class=\"elementor-container elementor-column-gap-default\">\n\t\t\t\t\t<div class=\"elementor-column elementor-col-100 elementor-top-column elementor-element elementor-element-5bb5f96e\" data-id=\"5bb5f96e\" data-element_type=\"column\">\n\t\t\t<div class=\"elementor-widget-wrap elementor-element-populated\">\n\t\t\t\t\t\t<div class=\"elementor-element elementor-element-2616d75d elementor-widget elementor-widget-heading\" data-id=\"2616d75d\" data-element_type=\"widget\" data-widget_type=\"heading.default\">\n\t\t\t\t<div class=\"elementor-widget-container\">\n\t\t\t\t\t<h1 class=\"elementor-heading-title elementor-size-xl\">Tratamientos de piscinas<\/h1>\t\t\t\t<\/div>\n\t\t\t\t<\/div>\n\t\t\t\t\t<\/div>\n\t\t<\/div>\n\t\t\t\t\t<\/div>\n\t\t<\/section>\n\t\t\t\t<section class=\"elementor-section elementor-top-section elementor-element elementor-element-2105b28 elementor-section-boxed elementor-section-height-default elementor-section-height-default\" data-id=\"2105b28\" data-element_type=\"section\">\n\t\t\t\t\t\t<div class=\"elementor-container elementor-column-gap-default\">\n\t\t\t\t\t<div class=\"elementor-column elementor-col-100 elementor-top-column elementor-element elementor-element-6463e836\" data-id=\"6463e836\" data-element_type=\"column\">\n\t\t\t<div class=\"elementor-widget-wrap elementor-element-populated\">\n\t\t\t\t\t\t<div class=\"elementor-element elementor-element-16bc7b4c elementor-widget elementor-widget-spacer\" data-id=\"16bc7b4c\" data-element_type=\"widget\" data-widget_type=\"spacer.default\">\n\t\t\t\t<div class=\"elementor-widget-container\">\n\t\t\t\t\t\t\t<div class=\"elementor-spacer\">\n\t\t\t<div class=\"elementor-spacer-inner\"><\/div>\n\t\t<\/div>\n\t\t\t\t\t\t<\/div>\n\t\t\t\t<\/div>\n\t\t\t\t\t<\/div>\n\t\t<\/div>\n\t\t\t\t\t<\/div>\n\t\t<\/section>\n\t\t\t\t<section class=\"elementor-section elementor-top-section elementor-element elementor-element-7ef60f6e elementor-section-boxed elementor-section-height-default elementor-section-height-default\" data-id=\"7ef60f6e\" data-element_type=\"section\">\n\t\t\t\t\t\t<div class=\"elementor-container elementor-column-gap-default\">\n\t\t\t\t\t<div class=\"elementor-column elementor-col-50 elementor-top-column elementor-element elementor-element-3230a09\" data-id=\"3230a09\" data-element_type=\"column\">\n\t\t\t<div class=\"elementor-widget-wrap elementor-element-populated\">\n\t\t\t\t\t\t<div class=\"elementor-element elementor-element-31660f8d elementor-widget elementor-widget-heading\" data-id=\"31660f8d\" data-element_type=\"widget\" data-widget_type=\"heading.default\">\n\t\t\t\t<div class=\"elementor-widget-container\">\n\t\t\t\t\t<h3 class=\"elementor-heading-title elementor-size-large\">Nuestros servicios para Piscinas<\/h3>\t\t\t\t<\/div>\n\t\t\t\t<\/div>\n\t\t\t\t<div class=\"elementor-element elementor-element-7ba91650 elementor-widget elementor-widget-text-editor\" data-id=\"7ba91650\" data-element_type=\"widget\" data-widget_type=\"text-editor.default\">\n\t\t\t\t<div class=\"elementor-widget-container\">\n\t\t\t\t\t\t\t\t\t<p>Los tratamientos de piscinas son importantes para mantener el agua limpia, clara y libre de microorganismos da\u00f1inos<\/p><p>Entre los principales que realizamos est\u00e1:<\/p><ol><li><p>Cloraci\u00f3n: La cloraci\u00f3n es el tratamiento m\u00e1s com\u00fan para piscinas. El cloro se agrega al agua de la piscina para matar bacterias, virus y algas. Hay diferentes tipos de cloro disponibles, como tabletas, polvo y l\u00edquido.\u00a0<\/p><\/li><\/ol>\t\t\t\t\t\t\t\t<\/div>\n\t\t\t\t<\/div>\n\t\t\t\t\t<\/div>\n\t\t<\/div>\n\t\t\t\t<div class=\"elementor-column elementor-col-50 elementor-top-column elementor-element elementor-element-62b0dcab\" data-id=\"62b0dcab\" data-element_type=\"column\">\n\t\t\t<div class=\"elementor-widget-wrap elementor-element-populated\">\n\t\t\t\t\t\t<div class=\"elementor-element elementor-element-61881033 elementor-widget elementor-widget-image\" data-id=\"61881033\" data-element_type=\"widget\" data-widget_type=\"image.default\">\n\t\t\t\t<div class=\"elementor-widget-container\">\n\t\t\t\t\t\t\t\t\t\t\t\t\t\t\t<img fetchpriority=\"high\" decoding=\"async\" width=\"1000\" height=\"667\" src=\"https:\/\/gersofontaneria.es\/wp-content\/uploads\/2023\/02\/piscinas-2.jpeg\" class=\"attachment-large size-large wp-image-67\" alt=\"\" srcset=\"https:\/\/gersofontaneria.es\/wp-content\/uploads\/2023\/02\/piscinas-2.jpeg 1000w, https:\/\/gersofontaneria.es\/wp-content\/uploads\/2023\/02\/piscinas-2-300x200.jpeg 300w, https:\/\/gersofontaneria.es\/wp-content\/uploads\/2023\/02\/piscinas-2-768x512.jpeg 768w, https:\/\/gersofontaneria.es\/wp-content\/uploads\/2023\/02\/piscinas-2-18x12.jpeg 18w, https:\/\/gersofontaneria.es\/wp-content\/uploads\/2023\/02\/piscinas-2-930x620.jpeg 930w\" sizes=\"(max-width: 1000px) 100vw, 1000px\" \/>\t\t\t\t\t\t\t\t\t\t\t\t\t\t\t<\/div>\n\t\t\t\t<\/div>\n\t\t\t\t\t<\/div>\n\t\t<\/div>\n\t\t\t\t\t<\/div>\n\t\t<\/section>\n\t\t\t\t<section class=\"elementor-section elementor-top-section elementor-element elementor-element-84d8a6a elementor-section-boxed elementor-section-height-default elementor-section-height-default\" data-id=\"84d8a6a\" data-element_type=\"section\">\n\t\t\t\t\t\t<div class=\"elementor-container elementor-column-gap-default\">\n\t\t\t\t\t<div class=\"elementor-column elementor-col-100 elementor-top-column elementor-element elementor-element-407edaa1\" data-id=\"407edaa1\" data-element_type=\"column\">\n\t\t\t<div class=\"elementor-widget-wrap elementor-element-populated\">\n\t\t\t\t\t\t<div class=\"elementor-element elementor-element-618d0f6c elementor-widget elementor-widget-text-editor\" data-id=\"618d0f6c\" data-element_type=\"widget\" data-widget_type=\"text-editor.default\">\n\t\t\t\t<div class=\"elementor-widget-container\">\n\t\t\t\t\t\t\t\t\t<ol><li><p>Ozonizaci\u00f3n: La ozonizaci\u00f3n es otro m\u00e9todo para purificar el agua de la piscina. Un generador de ozono produce ozono que se agrega al agua de la piscina. El ozono es un poderoso oxidante que mata bacterias y virus. La ozonizaci\u00f3n es un m\u00e9todo efectivo y seguro para tratar el agua de la piscina, aunque es m\u00e1s costoso que la cloraci\u00f3n.<\/p><\/li><li><p>Tratamiento con bromo: El bromo es una alternativa al cloro para tratar el agua de la piscina. El bromo se utiliza de manera similar al cloro para matar bacterias y algas, pero no tiene el mismo olor fuerte que el cloro. El bromo es m\u00e1s efectivo en agua caliente y tiene un rango de pH m\u00e1s amplio que el cloro, lo que lo hace ideal para piscinas con problemas de equilibrio qu\u00edmico.<\/p><\/li><li><p>Tratamiento con sal: El tratamiento con sal es una forma m\u00e1s suave de tratar el agua de la piscina. Se agrega sal a la piscina, que se descompone en cloro mediante un generador de cloro. La ventaja de este m\u00e9todo es que no hay necesidad de almacenar grandes cantidades de productos qu\u00edmicos en la piscina.<\/p><\/li><\/ol>\t\t\t\t\t\t\t\t<\/div>\n\t\t\t\t<\/div>\n\t\t\t\t\t<\/div>\n\t\t<\/div>\n\t\t\t\t\t<\/div>\n\t\t<\/section>\n\t\t\t\t<\/div>","protected":false},"excerpt":{"rendered":"<p>Tratamientos de piscinas Nuestros servicios para Piscinas Los tratamientos de piscinas son importantes para mantener el agua limpia, clara y libre de microorganismos da\u00f1inos Entre los principales que realizamos est\u00e1: Cloraci\u00f3n: La cloraci\u00f3n es el tratamiento m\u00e1s com\u00fan para piscinas. El cloro se agrega al agua de la piscina para matar bacterias, virus y algas.&hellip;&nbsp;<a href=\"https:\/\/gersofontaneria.es\/en\/servicios\/piscinas\/tratamientos-de-piscinas\/\" class=\"\" rel=\"bookmark\">Read More &raquo;<span class=\"screen-reader-text\">Tratamientos de piscinas<\/span><\/a><\/p>","protected":false},"author":1,"featured_media":0,"parent":155,"menu_order":0,"comment_status":"closed","ping_status":"closed","template":"elementor_header_footer","meta":{"neve_meta_sidebar":"","neve_meta_container":"","neve_meta_enable_content_width":"off","neve_meta_content_width":100,"neve_meta_title_alignment":"","neve_meta_author_avatar":"","neve_post_elements_order":"","neve_meta_disable_header":"","neve_meta_disable_footer":"","neve_meta_disable_title":"","_ti_tpc_template_sync":false,"_ti_tpc_template_id":"","footnotes":""},"class_list":["post-398","page","type-page","status-publish","hentry"],"yoast_head":"<!-- This site is optimized with the Yoast SEO plugin v23.1 - https:\/\/yoast.com\/wordpress\/plugins\/seo\/ -->\n<title>Tratamientos de piscinas - Gersofontaneria<\/title>\n<meta name=\"robots\" content=\"index, follow, max-snippet:-1, max-image-preview:large, max-video-preview:-1\" \/>\n<link rel=\"canonical\" href=\"https:\/\/gersofontaneria.es\/en\/servicios\/piscinas\/tratamientos-de-piscinas\/\" \/>\n<meta property=\"og:locale\" content=\"en_GB\" \/>\n<meta property=\"og:type\" content=\"article\" \/>\n<meta property=\"og:title\" content=\"Tratamientos de piscinas - Gersofontaneria\" \/>\n<meta property=\"og:description\" content=\"Tratamientos de piscinas Nuestros servicios para Piscinas Los tratamientos de piscinas son importantes para mantener el agua limpia, clara y libre de microorganismos da\u00f1inos Entre los principales que realizamos est\u00e1: Cloraci\u00f3n: La cloraci\u00f3n es el tratamiento m\u00e1s com\u00fan para piscinas. El cloro se agrega al agua de la piscina para matar bacterias, virus y algas.&hellip;&nbsp;Read More &raquo;Tratamientos de piscinas\" \/>\n<meta property=\"og:url\" content=\"https:\/\/gersofontaneria.es\/en\/servicios\/piscinas\/tratamientos-de-piscinas\/\" \/>\n<meta property=\"og:site_name\" content=\"Gersofontaneria\" \/>\n<meta property=\"article:modified_time\" content=\"2023-02-17T13:07:07+00:00\" \/>\n<meta property=\"og:image\" content=\"https:\/\/gersofontaneria.es\/wp-content\/uploads\/2023\/02\/piscinas-2.jpeg\" \/>\n<meta name=\"twitter:card\" content=\"summary_large_image\" \/>\n<meta name=\"twitter:label1\" content=\"Estimated reading time\" \/>\n\t<meta name=\"twitter:data1\" content=\"2 minutes\" \/>\n<script type=\"application\/ld+json\" class=\"yoast-schema-graph\">{\"@context\":\"https:\/\/schema.org\",\"@graph\":[{\"@type\":\"WebPage\",\"@id\":\"https:\/\/gersofontaneria.es\/servicios\/piscinas\/tratamientos-de-piscinas\/\",\"url\":\"https:\/\/gersofontaneria.es\/servicios\/piscinas\/tratamientos-de-piscinas\/\",\"name\":\"Tratamientos de piscinas - Gersofontaneria\",\"isPartOf\":{\"@id\":\"https:\/\/gersofontaneria.es\/#website\"},\"primaryImageOfPage\":{\"@id\":\"https:\/\/gersofontaneria.es\/servicios\/piscinas\/tratamientos-de-piscinas\/#primaryimage\"},\"image\":{\"@id\":\"https:\/\/gersofontaneria.es\/servicios\/piscinas\/tratamientos-de-piscinas\/#primaryimage\"},\"thumbnailUrl\":\"https:\/\/gersofontaneria.es\/wp-content\/uploads\/2023\/02\/piscinas-2.jpeg\",\"datePublished\":\"2023-02-17T11:36:17+00:00\",\"dateModified\":\"2023-02-17T13:07:07+00:00\",\"breadcrumb\":{\"@id\":\"https:\/\/gersofontaneria.es\/servicios\/piscinas\/tratamientos-de-piscinas\/#breadcrumb\"},\"inLanguage\":\"en-GB\",\"potentialAction\":[{\"@type\":\"ReadAction\",\"target\":[\"https:\/\/gersofontaneria.es\/servicios\/piscinas\/tratamientos-de-piscinas\/\"]}]},{\"@type\":\"ImageObject\",\"inLanguage\":\"en-GB\",\"@id\":\"https:\/\/gersofontaneria.es\/servicios\/piscinas\/tratamientos-de-piscinas\/#primaryimage\",\"url\":\"https:\/\/gersofontaneria.es\/wp-content\/uploads\/2023\/02\/piscinas-2.jpeg\",\"contentUrl\":\"https:\/\/gersofontaneria.es\/wp-content\/uploads\/2023\/02\/piscinas-2.jpeg\"},{\"@type\":\"BreadcrumbList\",\"@id\":\"https:\/\/gersofontaneria.es\/servicios\/piscinas\/tratamientos-de-piscinas\/#breadcrumb\",\"itemListElement\":[{\"@type\":\"ListItem\",\"position\":1,\"name\":\"Portada\",\"item\":\"https:\/\/gersofontaneria.es\/\"},{\"@type\":\"ListItem\",\"position\":2,\"name\":\"Servicios\",\"item\":\"https:\/\/gersofontaneria.es\/servicios\/\"},{\"@type\":\"ListItem\",\"position\":3,\"name\":\"Piscinas\",\"item\":\"https:\/\/gersofontaneria.es\/servicios\/piscinas\/\"},{\"@type\":\"ListItem\",\"position\":4,\"name\":\"Tratamientos de piscinas\"}]},{\"@type\":\"WebSite\",\"@id\":\"https:\/\/gersofontaneria.es\/#website\",\"url\":\"https:\/\/gersofontaneria.es\/\",\"name\":\"Gerso Fontaneria\",\"description\":\"Servicios de fontaneria Alcal\u00e1 la Real -Jaen\",\"publisher\":{\"@id\":\"https:\/\/gersofontaneria.es\/#organization\"},\"potentialAction\":[{\"@type\":\"SearchAction\",\"target\":{\"@type\":\"EntryPoint\",\"urlTemplate\":\"https:\/\/gersofontaneria.es\/?s={search_term_string}\"},\"query-input\":\"required name=search_term_string\"}],\"inLanguage\":\"en-GB\"},{\"@type\":\"Organization\",\"@id\":\"https:\/\/gersofontaneria.es\/#organization\",\"name\":\"gersofontaneria\",\"url\":\"https:\/\/gersofontaneria.es\/\",\"logo\":{\"@type\":\"ImageObject\",\"inLanguage\":\"en-GB\",\"@id\":\"https:\/\/gersofontaneria.es\/#\/schema\/logo\/image\/\",\"url\":\"https:\/\/gersofontaneria.es\/wp-content\/uploads\/2023\/02\/LOGO-VECTORIAL-1.svg\",\"contentUrl\":\"https:\/\/gersofontaneria.es\/wp-content\/uploads\/2023\/02\/LOGO-VECTORIAL-1.svg\",\"width\":592,\"height\":377,\"caption\":\"gersofontaneria\"},\"image\":{\"@id\":\"https:\/\/gersofontaneria.es\/#\/schema\/logo\/image\/\"}}]}<\/script>\n<!-- \/ Yoast SEO plugin. -->","yoast_head_json":{"title":"Tratamientos de piscinas - Gersofontaneria","robots":{"index":"index","follow":"follow","max-snippet":"max-snippet:-1","max-image-preview":"max-image-preview:large","max-video-preview":"max-video-preview:-1"},"canonical":"https:\/\/gersofontaneria.es\/en\/servicios\/piscinas\/tratamientos-de-piscinas\/","og_locale":"en_GB","og_type":"article","og_title":"Tratamientos de piscinas - Gersofontaneria","og_description":"Tratamientos de piscinas Nuestros servicios para Piscinas Los tratamientos de piscinas son importantes para mantener el agua limpia, clara y libre de microorganismos da\u00f1inos Entre los principales que realizamos est\u00e1: Cloraci\u00f3n: La cloraci\u00f3n es el tratamiento m\u00e1s com\u00fan para piscinas. El cloro se agrega al agua de la piscina para matar bacterias, virus y algas.&hellip;&nbsp;Read More &raquo;Tratamientos de piscinas","og_url":"https:\/\/gersofontaneria.es\/en\/servicios\/piscinas\/tratamientos-de-piscinas\/","og_site_name":"Gersofontaneria","article_modified_time":"2023-02-17T13:07:07+00:00","og_image":[{"url":"https:\/\/gersofontaneria.es\/wp-content\/uploads\/2023\/02\/piscinas-2.jpeg"}],"twitter_card":"summary_large_image","twitter_misc":{"Estimated reading time":"2 minutes"},"schema":{"@context":"https:\/\/schema.org","@graph":[{"@type":"WebPage","@id":"https:\/\/gersofontaneria.es\/servicios\/piscinas\/tratamientos-de-piscinas\/","url":"https:\/\/gersofontaneria.es\/servicios\/piscinas\/tratamientos-de-piscinas\/","name":"Tratamientos de piscinas - Gersofontaneria","isPartOf":{"@id":"https:\/\/gersofontaneria.es\/#website"},"primaryImageOfPage":{"@id":"https:\/\/gersofontaneria.es\/servicios\/piscinas\/tratamientos-de-piscinas\/#primaryimage"},"image":{"@id":"https:\/\/gersofontaneria.es\/servicios\/piscinas\/tratamientos-de-piscinas\/#primaryimage"},"thumbnailUrl":"https:\/\/gersofontaneria.es\/wp-content\/uploads\/2023\/02\/piscinas-2.jpeg","datePublished":"2023-02-17T11:36:17+00:00","dateModified":"2023-02-17T13:07:07+00:00","breadcrumb":{"@id":"https:\/\/gersofontaneria.es\/servicios\/piscinas\/tratamientos-de-piscinas\/#breadcrumb"},"inLanguage":"en-GB","potentialAction":[{"@type":"ReadAction","target":["https:\/\/gersofontaneria.es\/servicios\/piscinas\/tratamientos-de-piscinas\/"]}]},{"@type":"ImageObject","inLanguage":"en-GB","@id":"https:\/\/gersofontaneria.es\/servicios\/piscinas\/tratamientos-de-piscinas\/#primaryimage","url":"https:\/\/gersofontaneria.es\/wp-content\/uploads\/2023\/02\/piscinas-2.jpeg","contentUrl":"https:\/\/gersofontaneria.es\/wp-content\/uploads\/2023\/02\/piscinas-2.jpeg"},{"@type":"BreadcrumbList","@id":"https:\/\/gersofontaneria.es\/servicios\/piscinas\/tratamientos-de-piscinas\/#breadcrumb","itemListElement":[{"@type":"ListItem","position":1,"name":"Portada","item":"https:\/\/gersofontaneria.es\/"},{"@type":"ListItem","position":2,"name":"Servicios","item":"https:\/\/gersofontaneria.es\/servicios\/"},{"@type":"ListItem","position":3,"name":"Piscinas","item":"https:\/\/gersofontaneria.es\/servicios\/piscinas\/"},{"@type":"ListItem","position":4,"name":"Tratamientos de piscinas"}]},{"@type":"WebSite","@id":"https:\/\/gersofontaneria.es\/#website","url":"https:\/\/gersofontaneria.es\/","name":"Gerso Fontaneria","description":"Servicios de fontaneria Alcal\u00e1 la Real -Jaen","publisher":{"@id":"https:\/\/gersofontaneria.es\/#organization"},"potentialAction":[{"@type":"SearchAction","target":{"@type":"EntryPoint","urlTemplate":"https:\/\/gersofontaneria.es\/?s={search_term_string}"},"query-input":"required name=search_term_string"}],"inLanguage":"en-GB"},{"@type":"Organization","@id":"https:\/\/gersofontaneria.es\/#organization","name":"gersofontaneria","url":"https:\/\/gersofontaneria.es\/","logo":{"@type":"ImageObject","inLanguage":"en-GB","@id":"https:\/\/gersofontaneria.es\/#\/schema\/logo\/image\/","url":"https:\/\/gersofontaneria.es\/wp-content\/uploads\/2023\/02\/LOGO-VECTORIAL-1.svg","contentUrl":"https:\/\/gersofontaneria.es\/wp-content\/uploads\/2023\/02\/LOGO-VECTORIAL-1.svg","width":592,"height":377,"caption":"gersofontaneria"},"image":{"@id":"https:\/\/gersofontaneria.es\/#\/schema\/logo\/image\/"}}]}},"_links":{"self":[{"href":"https:\/\/gersofontaneria.es\/en\/wp-json\/wp\/v2\/pages\/398","targetHints":{"allow":["GET"]}}],"collection":[{"href":"https:\/\/gersofontaneria.es\/en\/wp-json\/wp\/v2\/pages"}],"about":[{"href":"https:\/\/gersofontaneria.es\/en\/wp-json\/wp\/v2\/types\/page"}],"author":[{"embeddable":true,"href":"https:\/\/gersofontaneria.es\/en\/wp-json\/wp\/v2\/users\/1"}],"replies":[{"embeddable":true,"href":"https:\/\/gersofontaneria.es\/en\/wp-json\/wp\/v2\/comments?post=398"}],"version-history":[{"count":7,"href":"https:\/\/gersofontaneria.es\/en\/wp-json\/wp\/v2\/pages\/398\/revisions"}],"predecessor-version":[{"id":474,"href":"https:\/\/gersofontaneria.es\/en\/wp-json\/wp\/v2\/pages\/398\/revisions\/474"}],"up":[{"embeddable":true,"href":"https:\/\/gersofontaneria.es\/en\/wp-json\/wp\/v2\/pages\/155"}],"wp:attachment":[{"href":"https:\/\/gersofontaneria.es\/en\/wp-json\/wp\/v2\/media?parent=398"}],"curies":[{"name":"wp","href":"https:\/\/api.w.org\/{rel}","templated":true}]}}